{"id":3,"date":"2025-05-12T13:23:03","date_gmt":"2025-05-12T13:23:03","guid":{"rendered":"http:\/\/localhost\/wordpress\/?page_id=3"},"modified":"2025-11-26T13:29:52","modified_gmt":"2025-11-26T13:29:52","slug":"privacy-policy","status":"publish","type":"page","link":"https:\/\/heavenlybite.shop\/sv\/privacy-policy\/","title":{"rendered":"Integritetspolicy"},"content":{"rendered":"<div data-elementor-type=\"wp-page\" data-elementor-id=\"3\" class=\"elementor elementor-3\">\n\t\t\t\t<div class=\"elementor-element elementor-element-1b07b331 e-flex e-con-boxed e-con e-parent\" data-id=\"1b07b331\" data-element_type=\"container\">\n\t\t\t\t\t<div class=\"e-con-inner\">\n\t\t\t\t<div class=\"elementor-element elementor-element-22918d2b elementor-widget elementor-widget-text-editor\" data-id=\"22918d2b\" data-element_type=\"widget\" data-settings=\"{&quot;wdt_animation_effect&quot;:&quot;none&quot;}\" data-widget_type=\"text-editor.default\">\n\t\t\t\t<div class=\"elementor-widget-container\"><center>\n<h2 class=\"wp-block-heading\" style=\"text-align: left;\"><span style=\"color: #ff99cc;\">Vilka vi \u00e4r<\/span><\/h2>\n<\/center><p>P\u00e5 Heavenly Bite (\u201cvi\u201d, \u201cv\u00e5r\u201d, \u201coss\u201d) \u00e4r din integritet mycket viktig f\u00f6r oss. Denna sekretesspolicy f\u00f6rklarar hur vi samlar in, anv\u00e4nder och skyddar dina personuppgifter n\u00e4r du bes\u00f6ker v\u00e5r webbplats. <a href=\"https:\/\/heavenlybite.shop\/sv\/\">https:\/\/heavenlybite.shop<\/a> , place an order, or interact with our services.<\/p><center>\n<h2 class=\"wp-block-heading\" style=\"text-align: left;\"><span style=\"color: #ff99cc;\">Information vi samlar<\/span><\/h2>\n<\/center>\n<p data-start=\"1132\" data-end=\"1200\">N\u00e4r du anv\u00e4nder v\u00e5r webbplats kan vi samla in f\u00f6ljande personuppgifter:<\/p>\n<ul data-start=\"1202\" data-end=\"1630\">\n<li data-start=\"1202\" data-end=\"1299\">\n<p data-start=\"1204\" data-end=\"1299\"><strong data-start=\"1204\" data-end=\"1236\">Kontoinformation &amp; orderinformation:<\/strong> Namn, e-postadress, fakturerings-\/leveransadress, telefonnummer.<\/p>\n<\/li>\n<li data-start=\"1300\" data-end=\"1452\">\n<p data-start=\"1302\" data-end=\"1452\"><strong data-start=\"1302\" data-end=\"1326\">Betalningsinformation:<\/strong> Bearbetas s\u00e4kert av tredjepartsbetalningsleverant\u00f6rer (t.ex. Klarna). Vi lagrar inte fullst\u00e4ndiga kredit-\/betalkortsuppgifter.<\/p>\n<\/li>\n<li data-start=\"1300\" data-end=\"1452\">\n<p data-start=\"1302\" data-end=\"1452\"><strong data-start=\"1455\" data-end=\"1481\">Teknisk information:<\/strong> IP-adress, webbl\u00e4sartyp, enhetsinformation, cookies och analysdata.<\/p>\n<\/li>\n<li data-start=\"1559\" data-end=\"1630\">\n<p data-start=\"1561\" data-end=\"1630\"><strong data-start=\"1561\" data-end=\"1579\">Kommunikation:<\/strong> Emails, messages, or customer service inquiries.<\/p>\n<\/li>\n<\/ul>\n<center>\n<h2 style=\"text-align: left;\"><span style=\"color: #ff99cc;\">Hur vi anv\u00e4nder dina uppgifter<\/span><\/h2>\n<\/center>\n<p data-start=\"1666\" data-end=\"1704\">Vi anv\u00e4nder dina personuppgifter f\u00f6r att:<\/p>\n<ul>\n<li>Bearbeta och leverera dina best\u00e4llningar.<\/li>\n<li>Hantera ditt konto och ge kundsupport.<\/li>\n<li>Skicka orderbekr\u00e4ftelser, leveransuppdateringar och andra servicerelaterade meddelanden.<\/li>\n<li>F\u00f6rb\u00e4ttra v\u00e5r webbplats, v\u00e5ra produkter och tj\u00e4nster.<\/li>\n<li>F\u00f6lja svenska och EU:s lagkrav.<\/li>\n<\/ul>\n<center>\n<h2 style=\"text-align: left;\"><span style=\"color: #ff99cc;\">Delning av data<\/span><\/h2>\n<\/center>\n<p data-start=\"2011\" data-end=\"2082\">Vi delar endast dina uppgifter med betrodda tredje parter, inklusive:<\/p>\n<ul data-start=\"2084\" data-end=\"2324\">\n<li data-start=\"2084\" data-end=\"2153\">\n<p data-start=\"2086\" data-end=\"2153\"><strong data-start=\"2086\" data-end=\"2107\">Betalningsleverant\u00f6rer<\/strong> (t.ex. Klarna) f\u00f6r att behandla betalningar.<\/p>\n<\/li>\n<li data-start=\"2154\" data-end=\"2204\">\n<p data-start=\"2156\" data-end=\"2204\"><strong data-start=\"2156\" data-end=\"2178\">Rederier<\/strong> f\u00f6r att leverera dina best\u00e4llningar.<\/p>\n<\/li>\n<li data-start=\"2205\" data-end=\"2278\">\n<p data-start=\"2207\" data-end=\"2278\"><strong data-start=\"2207\" data-end=\"2233\">IT- och webbhotellleverant\u00f6rer<\/strong> f\u00f6r att h\u00e5lla v\u00e5r webbplats s\u00e4ker och funktionell.<\/p>\n<\/li>\n<li data-start=\"2279\" data-end=\"2324\">\n<p data-start=\"2281\" data-end=\"2324\"><strong data-start=\"2281\" data-end=\"2302\">R\u00e4ttsliga myndigheter<\/strong> om det kr\u00e4vs enligt lag.<\/p>\n<\/li>\n<\/ul>\n<p data-start=\"2326\" data-end=\"2369\">Vi s\u00e4ljer aldrig dina uppgifter till tredje part.<\/p>\n<center>\n<h2 class=\"wp-block-heading\" style=\"text-align: left;\"><span style=\"color: #ff99cc;\">Kommentarer<\/span><\/h2>\n<\/center><p>N\u00e4r bes\u00f6kare l\u00e4mnar kommentarer p\u00e5 webbplatsen samlar vi in de uppgifter som visas i kommentarformul\u00e4ret, samt bes\u00f6karens IP-adress och webbl\u00e4sarens anv\u00e4ndaragentstr\u00e4ng f\u00f6r att underl\u00e4tta uppt\u00e4ckten av skr\u00e4ppost.<\/p><p>En anonymiserad str\u00e4ng som skapats fr\u00e5n din e-postadress (\u00e4ven kallad hash) kan tillhandah\u00e5llas till Gravatar-tj\u00e4nsten f\u00f6r att se om du anv\u00e4nder den. Gravatar-tj\u00e4nstens integritetspolicy finns tillg\u00e4nglig h\u00e4r: https:\/\/automattic.com\/privacy\/. Efter godk\u00e4nnande av din kommentar \u00e4r din profilbild synlig f\u00f6r allm\u00e4nheten i samband med din kommentar.<\/p><center>\n<h2 class=\"wp-block-heading\" style=\"text-align: left;\"><span style=\"color: #ff99cc;\">Media<\/span><\/h2>\n<\/center><p>Om du laddar upp bilder till webbplatsen b\u00f6r du undvika att ladda upp bilder med inb\u00e4ddade platsdata (EXIF GPS). Bes\u00f6kare p\u00e5 webbplatsen kan ladda ner och extrahera platsdata fr\u00e5n bilder p\u00e5 webbplatsen.<\/p><center>\n<h2 class=\"wp-block-heading\" style=\"text-align: left;\"><span style=\"color: #ff99cc;\">Cookies<\/span><\/h2>\n<\/center><p>Om du l\u00e4mnar en kommentar p\u00e5 v\u00e5r webbplats kan du v\u00e4lja att spara ditt namn, din e-postadress och din webbplats i cookies. Detta g\u00f6rs f\u00f6r din bekv\u00e4mlighet s\u00e5 att du inte beh\u00f6ver fylla i dina uppgifter igen n\u00e4r du l\u00e4mnar en ny kommentar. Dessa cookies sparas i ett \u00e5r.<\/p><p>Om du bes\u00f6ker v\u00e5r inloggningssida kommer vi att placera en tillf\u00e4llig cookie f\u00f6r att avg\u00f6ra om din webbl\u00e4sare accepterar cookies. Denna cookie inneh\u00e5ller inga personuppgifter och raderas n\u00e4r du st\u00e4nger din webbl\u00e4sare.<\/p><p>N\u00e4r du loggar in kommer vi ocks\u00e5 att st\u00e4lla in flera cookies f\u00f6r att spara din inloggningsinformation och dina val av sk\u00e4rmvisning. Inloggningscookies varar i tv\u00e5 dagar och cookies f\u00f6r sk\u00e4rmalternativ varar i ett \u00e5r. Om du v\u00e4ljer \"Kom ih\u00e5g mig\" kommer din inloggning att kvarst\u00e5 i tv\u00e5 veckor. Om du loggar ut fr\u00e5n ditt konto kommer inloggningscookies att tas bort.<\/p><center>\n<h2 class=\"wp-block-heading\" style=\"text-align: left;\"><span style=\"color: #ff99cc;\">Inb\u00e4ddat inneh\u00e5ll fr\u00e5n andra webbplatser<\/span><\/h2>\n<\/center><p>Artiklar p\u00e5 denna webbplats kan inneh\u00e5lla inb\u00e4ddat inneh\u00e5ll (t.ex. videor, bilder, artiklar etc.). Inb\u00e4ddat inneh\u00e5ll fr\u00e5n andra webbplatser fungerar p\u00e5 exakt samma s\u00e4tt som om bes\u00f6karen hade bes\u00f6kt den andra webbplatsen.<\/p><p>Dessa webbplatser kan samla in data om dig, anv\u00e4nda cookies, b\u00e4dda in ytterligare sp\u00e5rning fr\u00e5n tredje part och \u00f6vervaka din interaktion med det inb\u00e4ddade inneh\u00e5llet, inklusive sp\u00e5rning av din interaktion med det inb\u00e4ddade inneh\u00e5llet om du har ett konto och \u00e4r inloggad p\u00e5 den webbplatsen.<\/p><center>\n<h2 class=\"wp-block-heading\" style=\"text-align: left;\"><span style=\"color: #ff99cc;\">Vem vi delar dina uppgifter med<\/span><\/h2>\n<\/center><p>Om du beg\u00e4r en \u00e5terst\u00e4llning av l\u00f6senordet kommer din IP-adress att anges i \u00e5terst\u00e4llningsmeddelandet.<\/p><center>\n<h2 class=\"wp-block-heading\" style=\"text-align: left;\"><span style=\"color: #ff99cc;\">Hur l\u00e4nge vi lagrar dina uppgifter<\/span><\/h2>\n<\/center><p>Om du l\u00e4mnar en kommentar sparas kommentaren och dess metadata p\u00e5 obest\u00e4md tid. Detta g\u00f6r vi f\u00f6r att vi automatiskt ska kunna k\u00e4nna igen och godk\u00e4nna eventuella uppf\u00f6ljningskommentarer ist\u00e4llet f\u00f6r att h\u00e5lla dem i en modereringsk\u00f6.<\/p><p>F\u00f6r anv\u00e4ndare som registrerar sig p\u00e5 v\u00e5r webbplats (om n\u00e5gra) lagrar vi ocks\u00e5 den personliga information som de anger i sin anv\u00e4ndarprofil. Alla anv\u00e4ndare kan n\u00e4r som helst se, redigera eller radera sin personliga information (f\u00f6rutom att de inte kan \u00e4ndra sitt anv\u00e4ndarnamn). Webbplatsadministrat\u00f6rer kan ocks\u00e5 se och redigera den informationen.<\/p><center>\n<h2 class=\"wp-block-heading\" style=\"text-align: left;\"><span style=\"color: #ff99cc;\">Vilka r\u00e4ttigheter du har \u00f6ver dina uppgifter<\/span><\/h2>\n<\/center><p>Om du har ett konto p\u00e5 denna webbplats eller har l\u00e4mnat kommentarer kan du beg\u00e4ra att f\u00e5 en exporterad fil med de personuppgifter vi har om dig, inklusive alla uppgifter du har l\u00e4mnat till oss. Du kan ocks\u00e5 beg\u00e4ra att vi raderar alla personuppgifter vi har om dig. Detta g\u00e4ller inte uppgifter som vi \u00e4r skyldiga att beh\u00e5lla av administrativa, juridiska eller s\u00e4kerhetsm\u00e4ssiga sk\u00e4l.<\/p><center>\n<h2 class=\"wp-block-heading\" style=\"text-align: left;\"><span style=\"color: #ff99cc;\">Vart dina uppgifter skickas<\/span><\/h2>\n<\/center><p>Bes\u00f6kares kommentarer kan kontrolleras genom en automatiserad tj\u00e4nst f\u00f6r uppt\u00e4ckt av skr\u00e4ppost.<\/p><p>\u00a0<\/p>\t\t\t\t\t\t\t\t<\/div>\n\t\t\t\t<\/div>\n\t\t\t\t\t<\/div>\n\t\t\t\t<\/div>\t\t<\/div>","protected":false},"excerpt":{"rendered":"<p>Who we are At Heavenly Bite (\u201cwe\u201d, \u201cour\u201d, \u201cus\u201d), your privacy is very important to us. This Privacy Policy explains how we collect, use, and protect your personal data when you visit our website https:\/\/heavenlybite.shop , place an order, or interact with our services. Information We Collect When you use our site, we may collect [&hellip;]<\/p>","protected":false},"author":1,"featured_media":0,"parent":0,"menu_order":0,"comment_status":"closed","ping_status":"open","template":"","meta":{"footnotes":""},"class_list":["post-3","page","type-page","status-publish","hentry"],"yoast_head":"<!-- This site is optimized with the Yoast SEO plugin v26.1.1 - https:\/\/yoast.com\/wordpress\/plugins\/seo\/ -->\n<title>Privacy Policy - Heavenly Bite<\/title>\n<meta name=\"description\" content=\"How we use, and protect your personal information. Our Privacy Policy explains your rights and how we ensure data security and transparency.\" \/>\n<meta name=\"robots\" content=\"index, follow, max-snippet:-1, max-image-preview:large, max-video-preview:-1\" \/>\n<link rel=\"canonical\" href=\"https:\/\/heavenlybite.shop\/sv\/privacy-policy\/\" \/>\n<meta property=\"og:locale\" content=\"sv_SE\" \/>\n<meta property=\"og:type\" content=\"article\" \/>\n<meta property=\"og:title\" content=\"Privacy Policy - Heavenly Bite\" \/>\n<meta property=\"og:description\" content=\"How we use, and protect your personal information. Our Privacy Policy explains your rights and how we ensure data security and transparency.\" \/>\n<meta property=\"og:url\" content=\"https:\/\/heavenlybite.shop\/sv\/privacy-policy\/\" \/>\n<meta property=\"og:site_name\" content=\"Heavenly Bite\" \/>\n<meta property=\"article:publisher\" content=\"https:\/\/www.facebook.com\/profile.php?id=61581108792790\" \/>\n<meta property=\"article:modified_time\" content=\"2025-11-26T13:29:52+00:00\" \/>\n<meta name=\"twitter:card\" content=\"summary_large_image\" \/>\n<meta name=\"twitter:label1\" content=\"Ber\u00e4knad l\u00e4stid\" \/>\n\t<meta name=\"twitter:data1\" content=\"4 minuter\" \/>\n<script type=\"application\/ld+json\" class=\"yoast-schema-graph\">{\"@context\":\"https:\/\/schema.org\",\"@graph\":[{\"@type\":\"WebPage\",\"@id\":\"https:\/\/heavenlybite.shop\/privacy-policy\/\",\"url\":\"https:\/\/heavenlybite.shop\/privacy-policy\/\",\"name\":\"Privacy Policy - Heavenly Bite\",\"isPartOf\":{\"@id\":\"https:\/\/heavenlybite.shop\/#website\"},\"datePublished\":\"2025-05-12T13:23:03+00:00\",\"dateModified\":\"2025-11-26T13:29:52+00:00\",\"description\":\"How we use, and protect your personal information. Our Privacy Policy explains your rights and how we ensure data security and transparency.\",\"breadcrumb\":{\"@id\":\"https:\/\/heavenlybite.shop\/privacy-policy\/#breadcrumb\"},\"inLanguage\":\"sv-SE\",\"potentialAction\":[{\"@type\":\"ReadAction\",\"target\":[\"https:\/\/heavenlybite.shop\/privacy-policy\/\"]}]},{\"@type\":\"BreadcrumbList\",\"@id\":\"https:\/\/heavenlybite.shop\/privacy-policy\/#breadcrumb\",\"itemListElement\":[{\"@type\":\"ListItem\",\"position\":1,\"name\":\"Home\",\"item\":\"https:\/\/heavenlybite.shop\/\"},{\"@type\":\"ListItem\",\"position\":2,\"name\":\"Privacy Policy\"}]},{\"@type\":\"WebSite\",\"@id\":\"https:\/\/heavenlybite.shop\/#website\",\"url\":\"https:\/\/heavenlybite.shop\/\",\"name\":\"Heavenly Bite\",\"description\":\"International Delicacies, Sweets &amp; Chocolates\",\"potentialAction\":[{\"@type\":\"SearchAction\",\"target\":{\"@type\":\"EntryPoint\",\"urlTemplate\":\"https:\/\/heavenlybite.shop\/?s={search_term_string}\"},\"query-input\":{\"@type\":\"PropertyValueSpecification\",\"valueRequired\":true,\"valueName\":\"search_term_string\"}}],\"inLanguage\":\"sv-SE\"}]}<\/script>\n<!-- \/ Yoast SEO plugin. -->","yoast_head_json":{"title":"Privacy Policy - Heavenly Bite","description":"How we use, and protect your personal information. Our Privacy Policy explains your rights and how we ensure data security and transparency.","robots":{"index":"index","follow":"follow","max-snippet":"max-snippet:-1","max-image-preview":"max-image-preview:large","max-video-preview":"max-video-preview:-1"},"canonical":"https:\/\/heavenlybite.shop\/sv\/privacy-policy\/","og_locale":"sv_SE","og_type":"article","og_title":"Privacy Policy - Heavenly Bite","og_description":"How we use, and protect your personal information. Our Privacy Policy explains your rights and how we ensure data security and transparency.","og_url":"https:\/\/heavenlybite.shop\/sv\/privacy-policy\/","og_site_name":"Heavenly Bite","article_publisher":"https:\/\/www.facebook.com\/profile.php?id=61581108792790","article_modified_time":"2025-11-26T13:29:52+00:00","twitter_card":"summary_large_image","twitter_misc":{"Ber\u00e4knad l\u00e4stid":"4 minuter"},"schema":{"@context":"https:\/\/schema.org","@graph":[{"@type":"WebPage","@id":"https:\/\/heavenlybite.shop\/privacy-policy\/","url":"https:\/\/heavenlybite.shop\/privacy-policy\/","name":"Privacy Policy - Heavenly Bite","isPartOf":{"@id":"https:\/\/heavenlybite.shop\/#website"},"datePublished":"2025-05-12T13:23:03+00:00","dateModified":"2025-11-26T13:29:52+00:00","description":"How we use, and protect your personal information. Our Privacy Policy explains your rights and how we ensure data security and transparency.","breadcrumb":{"@id":"https:\/\/heavenlybite.shop\/privacy-policy\/#breadcrumb"},"inLanguage":"sv-SE","potentialAction":[{"@type":"ReadAction","target":["https:\/\/heavenlybite.shop\/privacy-policy\/"]}]},{"@type":"BreadcrumbList","@id":"https:\/\/heavenlybite.shop\/privacy-policy\/#breadcrumb","itemListElement":[{"@type":"ListItem","position":1,"name":"Home","item":"https:\/\/heavenlybite.shop\/"},{"@type":"ListItem","position":2,"name":"Privacy Policy"}]},{"@type":"WebSite","@id":"https:\/\/heavenlybite.shop\/#website","url":"https:\/\/heavenlybite.shop\/","name":"Heavenly Bite","description":"International Delicacies, Sweets &amp; Chocolates","potentialAction":[{"@type":"SearchAction","target":{"@type":"EntryPoint","urlTemplate":"https:\/\/heavenlybite.shop\/?s={search_term_string}"},"query-input":{"@type":"PropertyValueSpecification","valueRequired":true,"valueName":"search_term_string"}}],"inLanguage":"sv-SE"}]}},"_links":{"self":[{"href":"https:\/\/heavenlybite.shop\/sv\/wp-json\/wp\/v2\/pages\/3","targetHints":{"allow":["GET"]}}],"collection":[{"href":"https:\/\/heavenlybite.shop\/sv\/wp-json\/wp\/v2\/pages"}],"about":[{"href":"https:\/\/heavenlybite.shop\/sv\/wp-json\/wp\/v2\/types\/page"}],"author":[{"embeddable":true,"href":"https:\/\/heavenlybite.shop\/sv\/wp-json\/wp\/v2\/users\/1"}],"replies":[{"embeddable":true,"href":"https:\/\/heavenlybite.shop\/sv\/wp-json\/wp\/v2\/comments?post=3"}],"version-history":[{"count":16,"href":"https:\/\/heavenlybite.shop\/sv\/wp-json\/wp\/v2\/pages\/3\/revisions"}],"predecessor-version":[{"id":24778,"href":"https:\/\/heavenlybite.shop\/sv\/wp-json\/wp\/v2\/pages\/3\/revisions\/24778"}],"wp:attachment":[{"href":"https:\/\/heavenlybite.shop\/sv\/wp-json\/wp\/v2\/media?parent=3"}],"curies":[{"name":"wp","href":"https:\/\/api.w.org\/{rel}","templated":true}]}}