{"id":23599,"date":"2025-09-23T11:58:08","date_gmt":"2025-09-23T11:58:08","guid":{"rendered":"https:\/\/heavenlybite.shop\/?page_id=23599"},"modified":"2025-09-25T09:44:27","modified_gmt":"2025-09-25T09:44:27","slug":"become-a-partner","status":"publish","type":"page","link":"https:\/\/heavenlybite.shop\/sv\/become-a-partner\/","title":{"rendered":"Bli partner"},"content":{"rendered":"<p>Tillverkar du l\u00e4ckra s\u00f6tsaker, desserter eller bakverk? G\u00e5 med i v\u00e5r marknadsplats och visa upp dina produkter f\u00f6r alla som \u00e4lskar s\u00f6tsaker.<br>Som partner f\u00e5r du din egen butik, kan enkelt hantera dina produkter och utveckla din verksamhet tillsammans med oss.<\/p><p class=\"translation-block\"><strong>Fyll i formul\u00e4ret nedan<\/strong> f\u00f6r att bli \u00e5terf\u00f6rs\u00e4ljare och b\u00f6rja sprida s\u00f6tma redan idag!<\/p><p>[dokan-vendor-registration]<\/p>","protected":false},"excerpt":{"rendered":"<p>Do you craft delicious sweets, desserts, or baked treats? Join our marketplace and showcase your products to sweet-lovers everywhere.As a partner, you\u2019ll get your own store, manage your products easily, and grow your business with us. Fill out the form below to become a vendor and start spreading sweetness today!<\/p>","protected":false},"author":1,"featured_media":0,"parent":0,"menu_order":0,"comment_status":"closed","ping_status":"closed","template":"","meta":{"footnotes":""},"class_list":["post-23599","page","type-page","status-publish","hentry"],"yoast_head":"<!-- This site is optimized with the Yoast SEO plugin v26.1.1 - https:\/\/yoast.com\/wordpress\/plugins\/seo\/ -->\n<title>Become A Partner - Heavenly Bite<\/title>\n<meta name=\"robots\" content=\"index, follow, max-snippet:-1, max-image-preview:large, max-video-preview:-1\" \/>\n<link rel=\"canonical\" href=\"https:\/\/heavenlybite.shop\/sv\/become-a-partner\/\" \/>\n<meta property=\"og:locale\" content=\"sv_SE\" \/>\n<meta property=\"og:type\" content=\"article\" \/>\n<meta property=\"og:title\" content=\"Become A Partner - Heavenly Bite\" \/>\n<meta property=\"og:description\" content=\"Do you craft delicious sweets, desserts, or baked treats? Join our marketplace and showcase your products to sweet-lovers everywhere.As a partner, you\u2019ll get your own store, manage your products easily, and grow your business with us. Fill out the form below to become a vendor and start spreading sweetness today!\" \/>\n<meta property=\"og:url\" content=\"https:\/\/heavenlybite.shop\/sv\/become-a-partner\/\" \/>\n<meta property=\"og:site_name\" content=\"Heavenly Bite\" \/>\n<meta property=\"article:publisher\" content=\"https:\/\/www.facebook.com\/profile.php?id=61581108792790\" \/>\n<meta property=\"article:modified_time\" content=\"2025-09-25T09:44:27+00:00\" \/>\n<meta name=\"twitter:card\" content=\"summary_large_image\" \/>\n<script type=\"application\/ld+json\" class=\"yoast-schema-graph\">{\"@context\":\"https:\/\/schema.org\",\"@graph\":[{\"@type\":\"WebPage\",\"@id\":\"https:\/\/heavenlybite.shop\/become-a-partner\/\",\"url\":\"https:\/\/heavenlybite.shop\/become-a-partner\/\",\"name\":\"Become A Partner - Heavenly Bite\",\"isPartOf\":{\"@id\":\"https:\/\/heavenlybite.shop\/#website\"},\"datePublished\":\"2025-09-23T11:58:08+00:00\",\"dateModified\":\"2025-09-25T09:44:27+00:00\",\"breadcrumb\":{\"@id\":\"https:\/\/heavenlybite.shop\/become-a-partner\/#breadcrumb\"},\"inLanguage\":\"sv-SE\",\"potentialAction\":[{\"@type\":\"ReadAction\",\"target\":[\"https:\/\/heavenlybite.shop\/become-a-partner\/\"]}]},{\"@type\":\"BreadcrumbList\",\"@id\":\"https:\/\/heavenlybite.shop\/become-a-partner\/#breadcrumb\",\"itemListElement\":[{\"@type\":\"ListItem\",\"position\":1,\"name\":\"Home\",\"item\":\"https:\/\/heavenlybite.shop\/\"},{\"@type\":\"ListItem\",\"position\":2,\"name\":\"Become A Partner\"}]},{\"@type\":\"WebSite\",\"@id\":\"https:\/\/heavenlybite.shop\/#website\",\"url\":\"https:\/\/heavenlybite.shop\/\",\"name\":\"Heavenly Bite\",\"description\":\"International Delicacies, Sweets &amp; Chocolates\",\"potentialAction\":[{\"@type\":\"SearchAction\",\"target\":{\"@type\":\"EntryPoint\",\"urlTemplate\":\"https:\/\/heavenlybite.shop\/?s={search_term_string}\"},\"query-input\":{\"@type\":\"PropertyValueSpecification\",\"valueRequired\":true,\"valueName\":\"search_term_string\"}}],\"inLanguage\":\"sv-SE\"}]}<\/script>\n<!-- \/ Yoast SEO plugin. -->","yoast_head_json":{"title":"Become A Partner - Heavenly Bite","robots":{"index":"index","follow":"follow","max-snippet":"max-snippet:-1","max-image-preview":"max-image-preview:large","max-video-preview":"max-video-preview:-1"},"canonical":"https:\/\/heavenlybite.shop\/sv\/become-a-partner\/","og_locale":"sv_SE","og_type":"article","og_title":"Become A Partner - Heavenly Bite","og_description":"Do you craft delicious sweets, desserts, or baked treats? Join our marketplace and showcase your products to sweet-lovers everywhere.As a partner, you\u2019ll get your own store, manage your products easily, and grow your business with us. Fill out the form below to become a vendor and start spreading sweetness today!","og_url":"https:\/\/heavenlybite.shop\/sv\/become-a-partner\/","og_site_name":"Heavenly Bite","article_publisher":"https:\/\/www.facebook.com\/profile.php?id=61581108792790","article_modified_time":"2025-09-25T09:44:27+00:00","twitter_card":"summary_large_image","schema":{"@context":"https:\/\/schema.org","@graph":[{"@type":"WebPage","@id":"https:\/\/heavenlybite.shop\/become-a-partner\/","url":"https:\/\/heavenlybite.shop\/become-a-partner\/","name":"Become A Partner - Heavenly Bite","isPartOf":{"@id":"https:\/\/heavenlybite.shop\/#website"},"datePublished":"2025-09-23T11:58:08+00:00","dateModified":"2025-09-25T09:44:27+00:00","breadcrumb":{"@id":"https:\/\/heavenlybite.shop\/become-a-partner\/#breadcrumb"},"inLanguage":"sv-SE","potentialAction":[{"@type":"ReadAction","target":["https:\/\/heavenlybite.shop\/become-a-partner\/"]}]},{"@type":"BreadcrumbList","@id":"https:\/\/heavenlybite.shop\/become-a-partner\/#breadcrumb","itemListElement":[{"@type":"ListItem","position":1,"name":"Home","item":"https:\/\/heavenlybite.shop\/"},{"@type":"ListItem","position":2,"name":"Become A Partner"}]},{"@type":"WebSite","@id":"https:\/\/heavenlybite.shop\/#website","url":"https:\/\/heavenlybite.shop\/","name":"Heavenly Bite","description":"International Delicacies, Sweets &amp; Chocolates","potentialAction":[{"@type":"SearchAction","target":{"@type":"EntryPoint","urlTemplate":"https:\/\/heavenlybite.shop\/?s={search_term_string}"},"query-input":{"@type":"PropertyValueSpecification","valueRequired":true,"valueName":"search_term_string"}}],"inLanguage":"sv-SE"}]}},"_links":{"self":[{"href":"https:\/\/heavenlybite.shop\/sv\/wp-json\/wp\/v2\/pages\/23599","targetHints":{"allow":["GET"]}}],"collection":[{"href":"https:\/\/heavenlybite.shop\/sv\/wp-json\/wp\/v2\/pages"}],"about":[{"href":"https:\/\/heavenlybite.shop\/sv\/wp-json\/wp\/v2\/types\/page"}],"author":[{"embeddable":true,"href":"https:\/\/heavenlybite.shop\/sv\/wp-json\/wp\/v2\/users\/1"}],"replies":[{"embeddable":true,"href":"https:\/\/heavenlybite.shop\/sv\/wp-json\/wp\/v2\/comments?post=23599"}],"version-history":[{"count":4,"href":"https:\/\/heavenlybite.shop\/sv\/wp-json\/wp\/v2\/pages\/23599\/revisions"}],"predecessor-version":[{"id":23617,"href":"https:\/\/heavenlybite.shop\/sv\/wp-json\/wp\/v2\/pages\/23599\/revisions\/23617"}],"wp:attachment":[{"href":"https:\/\/heavenlybite.shop\/sv\/wp-json\/wp\/v2\/media?parent=23599"}],"curies":[{"name":"wp","href":"https:\/\/api.w.org\/{rel}","templated":true}]}}