{"id":23535,"date":"2025-09-08T15:06:46","date_gmt":"2025-09-08T15:06:46","guid":{"rendered":"https:\/\/heavenlybite.shop\/?page_id=23535"},"modified":"2025-11-28T13:34:40","modified_gmt":"2025-11-28T13:34:40","slug":"shipping-policy","status":"publish","type":"page","link":"https:\/\/heavenlybite.shop\/sv\/shipping-policy\/","title":{"rendered":"Fraktpolicy"},"content":{"rendered":"<p>The Shipping Policy at <a href=\"http:\/\/heavenlybite.shop\/sv\/\">Heavenly Bite<\/a>, is hard to ensure that your favorite sweets are delivered fresh, safely, and on time. This Shipping Policy outlines our procedures for order processing, delivery times, and shipping charges.<\/p>\n<h2>Orderhantering<\/h2>\n<ul data-start=\"382\" data-end=\"718\">\n<li data-start=\"382\" data-end=\"451\">\n<p data-start=\"384\" data-end=\"451\">We usually process orders within 24 hours of placement.<\/p>\n<\/li>\n<li data-start=\"452\" data-end=\"559\">\n<p data-start=\"454\" data-end=\"559\">If you place an order after 2:00 PM or on weekends\/holidays, we will process it on the next business day.<\/p>\n<\/li>\n<li data-start=\"560\" data-end=\"718\">\n<p data-start=\"562\" data-end=\"718\">Once we confirm your order, we will send you an <strong>order confirmation email.<\/strong> After dispatch, we will provide a shipping and tracking update so you can follow your package.<\/p>\n<\/li>\n<\/ul>\n<h2>Leveransomr\u00e5den<\/h2>\n<ul data-start=\"749\" data-end=\"921\">\n<li data-start=\"749\" data-end=\"829\">\n<p data-start=\"751\" data-end=\"829\">We deliver to all areas within <strong>Stockholm<\/strong>.<\/p>\n<\/li>\n<li data-start=\"830\" data-end=\"921\">\n<p data-start=\"832\" data-end=\"921\">If we don\u2019t currently deliver to your location, please contact our support team to check availability.<\/p>\n<\/li>\n<\/ul>\n<h2>Leveranstid<\/h2>\n<ul>\n<li data-start=\"951\" data-end=\"1020\">\n<p data-start=\"953\" data-end=\"1020\"><strong data-start=\"75\" data-end=\"97\">Standard Delivery:<\/strong> We deliver within 1\u20132 business days, depending on your location.<\/p>\n<\/li>\n<li data-start=\"1113\" data-end=\"1197\">\n<p data-start=\"1115\" data-end=\"1197\">Delivery may take a little longer during peak seasons, festivals, or sales.<\/p>\n<\/li>\n<\/ul>\n<h2>Fraktkostnader<\/h2>\n<ul>\n<li data-start=\"1432\" data-end=\"1490\">\n<p data-start=\"64\" data-end=\"127\">We will calculate the final shipping charges at checkout.<\/p>\n<\/li>\n<\/ul>\n<h2>F\u00f6rpackning och f\u00e4rskhet<\/h2>\n<ul>\n<li data-start=\"1528\" data-end=\"1640\">\n<p data-start=\"64\" data-end=\"165\">We carefully pack all sweets <strong data-start=\"64\" data-end=\"163\">in sealed, food-grade, eco-friendly packaging <\/strong>to ensure freshness.<\/p>\n<\/li>\n<li data-start=\"1641\" data-end=\"1743\">\n<p data-start=\"1643\" data-end=\"1743\">L\u00e4ttf\u00f6rd\u00e4rvliga produkter levereras med s\u00e4rskild omsorg f\u00f6r att s\u00e4kerst\u00e4lla att de n\u00e5r dig i perfekt skick.<\/p>\n<\/li>\n<\/ul>\n<h2>F\u00f6rseningar och problem<\/h2>\n<p data-start=\"1775\" data-end=\"1840\">Vi g\u00f6r v\u00e5rt b\u00e4sta f\u00f6r att leverera i tid, men f\u00f6rseningar kan uppst\u00e5 p\u00e5 grund av:<\/p>\n<ul data-start=\"1841\" data-end=\"1941\">\n<li data-start=\"1841\" data-end=\"1863\">\n<p data-start=\"1843\" data-end=\"1863\">V\u00e4derf\u00f6rh\u00e5llanden<\/p>\n<\/li>\n<li data-start=\"1864\" data-end=\"1900\">\n<p data-start=\"1866\" data-end=\"1900\">F\u00f6rseningar hos kurir-\/logistikpartner<\/p>\n<\/li>\n<li data-start=\"1901\" data-end=\"1941\">\n<p data-start=\"1903\" data-end=\"1941\">Helgdagar eller of\u00f6rutsedda h\u00e4ndelser<\/p>\n<\/li>\n<\/ul>\n<p data-start=\"1943\" data-end=\"2026\">Om din best\u00e4llning \u00e4r f\u00f6rsenad kommer v\u00e5rt team att h\u00e5lla dig uppdaterad och hj\u00e4lpa dig omg\u00e5ende.<\/p>\n<h2>Felaktig adress<\/h2>\n<p data-start=\"2060\" data-end=\"2287\">Se till att din leveransadress och dina kontaktuppgifter \u00e4r korrekta n\u00e4r du l\u00e4gger din best\u00e4llning. <em data-start=\"2151\" data-end=\"2170\">Heavenly Bite<\/em> will not be responsible for failed deliveries due to incorrect or incomplete information provided by the customer.<\/p>","protected":false},"excerpt":{"rendered":"<p>The Shipping Policy at Heavenly Bite, is hard to ensure that your favorite sweets are delivered fresh, safely, and on time. This Shipping Policy outlines our procedures for order processing, delivery times, and shipping charges. Order Processing We usually process orders within 24 hours of placement. If you place an order after 2:00 PM or [&hellip;]<\/p>","protected":false},"author":1,"featured_media":0,"parent":0,"menu_order":0,"comment_status":"closed","ping_status":"closed","template":"","meta":{"footnotes":""},"class_list":["post-23535","page","type-page","status-publish","hentry"],"yoast_head":"<!-- This site is optimized with the Yoast SEO plugin v26.1.1 - https:\/\/yoast.com\/wordpress\/plugins\/seo\/ -->\n<title>Shipping Policy - Heavenly Bite<\/title>\n<meta name=\"description\" content=\"Our shipping process, delivery timelines, and policies. Our Shipping Policy ensures a smooth, reliable, and transparent delivery experience.\" \/>\n<meta name=\"robots\" content=\"index, follow, max-snippet:-1, max-image-preview:large, max-video-preview:-1\" \/>\n<link rel=\"canonical\" href=\"https:\/\/heavenlybite.shop\/sv\/shipping-policy\/\" \/>\n<meta property=\"og:locale\" content=\"sv_SE\" \/>\n<meta property=\"og:type\" content=\"article\" \/>\n<meta property=\"og:title\" content=\"Shipping Policy - Heavenly Bite\" \/>\n<meta property=\"og:description\" content=\"Our shipping process, delivery timelines, and policies. Our Shipping Policy ensures a smooth, reliable, and transparent delivery experience.\" \/>\n<meta property=\"og:url\" content=\"https:\/\/heavenlybite.shop\/sv\/shipping-policy\/\" \/>\n<meta property=\"og:site_name\" content=\"Heavenly Bite\" \/>\n<meta property=\"article:publisher\" content=\"https:\/\/www.facebook.com\/profile.php?id=61581108792790\" \/>\n<meta property=\"article:modified_time\" content=\"2025-11-28T13:34:40+00:00\" \/>\n<meta name=\"twitter:card\" content=\"summary_large_image\" \/>\n<meta name=\"twitter:label1\" content=\"Ber\u00e4knad l\u00e4stid\" \/>\n\t<meta name=\"twitter:data1\" content=\"2 minuter\" \/>\n<script type=\"application\/ld+json\" class=\"yoast-schema-graph\">{\"@context\":\"https:\/\/schema.org\",\"@graph\":[{\"@type\":\"WebPage\",\"@id\":\"https:\/\/heavenlybite.shop\/shipping-policy\/\",\"url\":\"https:\/\/heavenlybite.shop\/shipping-policy\/\",\"name\":\"Shipping Policy - Heavenly Bite\",\"isPartOf\":{\"@id\":\"https:\/\/heavenlybite.shop\/#website\"},\"datePublished\":\"2025-09-08T15:06:46+00:00\",\"dateModified\":\"2025-11-28T13:34:40+00:00\",\"description\":\"Our shipping process, delivery timelines, and policies. Our Shipping Policy ensures a smooth, reliable, and transparent delivery experience.\",\"breadcrumb\":{\"@id\":\"https:\/\/heavenlybite.shop\/shipping-policy\/#breadcrumb\"},\"inLanguage\":\"sv-SE\",\"potentialAction\":[{\"@type\":\"ReadAction\",\"target\":[\"https:\/\/heavenlybite.shop\/shipping-policy\/\"]}]},{\"@type\":\"BreadcrumbList\",\"@id\":\"https:\/\/heavenlybite.shop\/shipping-policy\/#breadcrumb\",\"itemListElement\":[{\"@type\":\"ListItem\",\"position\":1,\"name\":\"Home\",\"item\":\"https:\/\/heavenlybite.shop\/\"},{\"@type\":\"ListItem\",\"position\":2,\"name\":\"Shipping Policy\"}]},{\"@type\":\"WebSite\",\"@id\":\"https:\/\/heavenlybite.shop\/#website\",\"url\":\"https:\/\/heavenlybite.shop\/\",\"name\":\"Heavenly Bite\",\"description\":\"International Delicacies, Sweets &amp; Chocolates\",\"potentialAction\":[{\"@type\":\"SearchAction\",\"target\":{\"@type\":\"EntryPoint\",\"urlTemplate\":\"https:\/\/heavenlybite.shop\/?s={search_term_string}\"},\"query-input\":{\"@type\":\"PropertyValueSpecification\",\"valueRequired\":true,\"valueName\":\"search_term_string\"}}],\"inLanguage\":\"sv-SE\"}]}<\/script>\n<!-- \/ Yoast SEO plugin. -->","yoast_head_json":{"title":"Shipping Policy - Heavenly Bite","description":"Our shipping process, delivery timelines, and policies. Our Shipping Policy ensures a smooth, reliable, and transparent delivery experience.","robots":{"index":"index","follow":"follow","max-snippet":"max-snippet:-1","max-image-preview":"max-image-preview:large","max-video-preview":"max-video-preview:-1"},"canonical":"https:\/\/heavenlybite.shop\/sv\/shipping-policy\/","og_locale":"sv_SE","og_type":"article","og_title":"Shipping Policy - Heavenly Bite","og_description":"Our shipping process, delivery timelines, and policies. Our Shipping Policy ensures a smooth, reliable, and transparent delivery experience.","og_url":"https:\/\/heavenlybite.shop\/sv\/shipping-policy\/","og_site_name":"Heavenly Bite","article_publisher":"https:\/\/www.facebook.com\/profile.php?id=61581108792790","article_modified_time":"2025-11-28T13:34:40+00:00","twitter_card":"summary_large_image","twitter_misc":{"Ber\u00e4knad l\u00e4stid":"2 minuter"},"schema":{"@context":"https:\/\/schema.org","@graph":[{"@type":"WebPage","@id":"https:\/\/heavenlybite.shop\/shipping-policy\/","url":"https:\/\/heavenlybite.shop\/shipping-policy\/","name":"Shipping Policy - Heavenly Bite","isPartOf":{"@id":"https:\/\/heavenlybite.shop\/#website"},"datePublished":"2025-09-08T15:06:46+00:00","dateModified":"2025-11-28T13:34:40+00:00","description":"Our shipping process, delivery timelines, and policies. Our Shipping Policy ensures a smooth, reliable, and transparent delivery experience.","breadcrumb":{"@id":"https:\/\/heavenlybite.shop\/shipping-policy\/#breadcrumb"},"inLanguage":"sv-SE","potentialAction":[{"@type":"ReadAction","target":["https:\/\/heavenlybite.shop\/shipping-policy\/"]}]},{"@type":"BreadcrumbList","@id":"https:\/\/heavenlybite.shop\/shipping-policy\/#breadcrumb","itemListElement":[{"@type":"ListItem","position":1,"name":"Home","item":"https:\/\/heavenlybite.shop\/"},{"@type":"ListItem","position":2,"name":"Shipping Policy"}]},{"@type":"WebSite","@id":"https:\/\/heavenlybite.shop\/#website","url":"https:\/\/heavenlybite.shop\/","name":"Heavenly Bite","description":"International Delicacies, Sweets &amp; Chocolates","potentialAction":[{"@type":"SearchAction","target":{"@type":"EntryPoint","urlTemplate":"https:\/\/heavenlybite.shop\/?s={search_term_string}"},"query-input":{"@type":"PropertyValueSpecification","valueRequired":true,"valueName":"search_term_string"}}],"inLanguage":"sv-SE"}]}},"_links":{"self":[{"href":"https:\/\/heavenlybite.shop\/sv\/wp-json\/wp\/v2\/pages\/23535","targetHints":{"allow":["GET"]}}],"collection":[{"href":"https:\/\/heavenlybite.shop\/sv\/wp-json\/wp\/v2\/pages"}],"about":[{"href":"https:\/\/heavenlybite.shop\/sv\/wp-json\/wp\/v2\/types\/page"}],"author":[{"embeddable":true,"href":"https:\/\/heavenlybite.shop\/sv\/wp-json\/wp\/v2\/users\/1"}],"replies":[{"embeddable":true,"href":"https:\/\/heavenlybite.shop\/sv\/wp-json\/wp\/v2\/comments?post=23535"}],"version-history":[{"count":16,"href":"https:\/\/heavenlybite.shop\/sv\/wp-json\/wp\/v2\/pages\/23535\/revisions"}],"predecessor-version":[{"id":24858,"href":"https:\/\/heavenlybite.shop\/sv\/wp-json\/wp\/v2\/pages\/23535\/revisions\/24858"}],"wp:attachment":[{"href":"https:\/\/heavenlybite.shop\/sv\/wp-json\/wp\/v2\/media?parent=23535"}],"curies":[{"name":"wp","href":"https:\/\/api.w.org\/{rel}","templated":true}]}}