{"id":23124,"date":"2025-08-19T11:07:37","date_gmt":"2025-08-19T11:07:37","guid":{"rendered":"https:\/\/heavenlybite.shop\/?page_id=23124"},"modified":"2025-08-19T11:07:38","modified_gmt":"2025-08-19T11:07:38","slug":"mailerlite-signup-form","status":"publish","type":"page","link":"https:\/\/heavenlybite.shop\/sv\/mailerlite-signup-form\/","title":{"rendered":"Mailerlite Signup Form"},"content":{"rendered":"<div id=\"mailerlite-form_1\" data-temp-id=\"69d6523711cea\">\n                <div class=\"mailerlite-form\">\n                    <form action=\"\" method=\"post\" novalidate data-trp-original-action=\"\">\n                                                    <div class=\"mailerlite-form-title\"><h3>V\u00e5rt nyhetsbrev<\/h3><\/div>\n                                                <div class=\"mailerlite-form-description\"><p>Missa inte v\u00e5ra nyaste produkter, tidsbegr\u00e4nsade rabatter och trevliga \u00f6verraskningar. Prenumerera p\u00e5 v\u00e5rt nyhetsbrev f\u00f6r exklusiva uppdateringar.<\/p>\n<\/div>\n                        <div class=\"mailerlite-form-inputs\">\n                                                                                            <div class=\"mailerlite-form-field\">\n                                    <label for=\"mailerlite-1-field-email\"><\/label>\n                                    <input id=\"mailerlite-1-field-email\"\n                                           type=\"email\" required=\"required\"                                            name=\"form_fields[email]\"\n                                           placeholder=\"Ange e-postadress\"\/>\n                                <\/div>\n                                                        <div class=\"mailerlite-form-loader\">Please wait...<\/div>\n                            <div class=\"mailerlite-subscribe-button-container\">\n                                <button class=\"mailerlite-subscribe-submit\" type=\"submit\">\n                                    Prenumerera                                <\/button>\n                            <\/div>\n                            <input type=\"hidden\" name=\"form_id\" value=\"1\"\/>\n                            <input type=\"hidden\" name=\"action\" value=\"mailerlite_subscribe_form\"\/>\n                            <input type=\"hidden\" name=\"ml_nonce\" value=\"ddb812c438\"\/>\n                        <\/div>\n                        <div class=\"mailerlite-form-response\">\n                                                            <h4><p><span style=\"color: #000000;\">Tack f\u00f6r att du anm\u00e4lde dig!<\/span><\/p>\n<\/h4>\n                                                    <\/div>\n                    <input type=\"hidden\" name=\"trp-form-language\" value=\"sv\"\/><\/form>\n                <\/div>\n            <\/div>\n        <script type=\"text\/javascript\" src='https:\/\/heavenlybite.shop\/wp-content\/plugins\/official-mailerlite-sign-up-forms\/assets\/js\/localization\/validation-messages.js'><\/script>\n         <script type=\"text\/javascript\"> var selectedLanguage = \"\"; var validationMessages = messages[\"en\"]; if(selectedLanguage) { validationMessages = messages[selectedLanguage]; } window.addEventListener(\"load\", function () { var form_container = document.querySelector(`#mailerlite-form_1[data-temp-id=\"69d6523711cea\"] form`); let submitButton = form_container.querySelector('.mailerlite-subscribe-submit'); submitButton.disabled = true; fetch('https:\/\/heavenlybite.shop\/wp-admin\/admin-ajax.php', { method: 'POST', headers:{ 'Content-Type': 'application\/x-www-form-urlencoded', }, body: new URLSearchParams({ \"action\" : \"ml_create_nonce\", \"ml_nonce\" : form_container.querySelector(\"input[name='ml_nonce']\").value }) }) .then((response) => response.json()) .then((json) => { if(json.success) { form_container.querySelector(\"input[name='ml_nonce']\").value = json.data.ml_nonce; submitButton.disabled = false; } }) .catch((error) => { console.error('Error:', error); }); form_container.addEventListener('submit', (e) => { e.preventDefault(); let data = new URLSearchParams(new FormData(form_container)).toString(); let validationError = false; document.querySelectorAll('.mailerlite-form-error').forEach(el => el.remove()); Array.from(form_container.elements).forEach((input) => { if(input.type !== 'hidden') { if(input.required) { if(input.value == '') { validationError = true; let error = document.createElement(\"span\"); error.className = 'mailerlite-form-error'; error.textContent = validationMessages.required; input.after(error); return false; } } if((input.type == \"email\") && (!validateEmail(input.value))) { validationError = true; let error = document.createElement(\"span\"); error.className = 'mailerlite-form-error'; error.textContent = validationMessages.email; input.after(error); return false; } } }); if(validationError) { return false; } fade.out(form_container.querySelector('.mailerlite-subscribe-button-container'), () => { fade.in(form_container.querySelector('.mailerlite-form-loader')); }); fetch('https:\/\/heavenlybite.shop\/wp-admin\/admin-ajax.php', { method: 'POST', headers:{ 'Content-Type': 'application\/x-www-form-urlencoded', }, body: data }) .then((response) => { fade.out(form_container.querySelector('.mailerlite-form-inputs'), () => { fade.in(form_container.querySelector('.mailerlite-form-response')); }); }) .catch((error) => { console.error('Error:', error); }); }); }, false); var fade = { out: function(el, fn = false) { var fadeOutEffect = setInterval(function () { if (!el.style.opacity) { el.style.opacity = 1; } if (el.style.opacity > 0) { el.style.opacity -= 0.1; } else { el.style.display = 'none'; clearInterval(fadeOutEffect); } }, 50); if( typeof (fn) == 'function') { fn(); } }, in: function(el) { var fadeInEffect = setInterval(function () { if (!el.style.opacity) { el.style.opacity = 0; } if (el.style.opacity < 1) { el.style.opacity = Number(el.style.opacity) + 0.1; } else { el.style.display = 'block'; clearInterval(fadeInEffect); } }, 50); } }; function validateEmail(email){ if(email.match( \/^(([^<>()[\\]\\\\.,;:\\s@\\\"]+(\\.[^<>()[\\]\\\\.,;:\\s@\\\"]+)*)|(\\\".+\\\"))@((\\[[0-9]{1,3}\\.[0-9]{1,3}\\.[0-9]{1,3}\\.[0-9]{1,3}\\])|(([a-zA-Z\\-0-9]+\\.)+[a-zA-Z]{2,}))$\/ )) { return true; } return false; } <\/script>","protected":false},"excerpt":{"rendered":"","protected":false},"author":1,"featured_media":0,"parent":0,"menu_order":0,"comment_status":"closed","ping_status":"closed","template":"","meta":{"footnotes":""},"class_list":["post-23124","page","type-page","status-publish","hentry"],"yoast_head":"<!-- This site is optimized with the Yoast SEO plugin v26.1.1 - https:\/\/yoast.com\/wordpress\/plugins\/seo\/ -->\n<title>Mailerlite Signup Form - Heavenly Bite<\/title>\n<meta name=\"robots\" content=\"index, follow, max-snippet:-1, max-image-preview:large, max-video-preview:-1\" \/>\n<link rel=\"canonical\" href=\"https:\/\/heavenlybite.shop\/sv\/mailerlite-signup-form\/\" \/>\n<meta property=\"og:locale\" content=\"sv_SE\" \/>\n<meta property=\"og:type\" content=\"article\" \/>\n<meta property=\"og:title\" content=\"Mailerlite Signup Form - Heavenly Bite\" \/>\n<meta property=\"og:url\" content=\"https:\/\/heavenlybite.shop\/sv\/mailerlite-signup-form\/\" \/>\n<meta property=\"og:site_name\" content=\"Heavenly Bite\" \/>\n<meta property=\"article:publisher\" content=\"https:\/\/www.facebook.com\/profile.php?id=61581108792790\" \/>\n<meta property=\"article:modified_time\" content=\"2025-08-19T11:07:38+00:00\" \/>\n<meta name=\"twitter:card\" content=\"summary_large_image\" \/>\n<script type=\"application\/ld+json\" class=\"yoast-schema-graph\">{\"@context\":\"https:\/\/schema.org\",\"@graph\":[{\"@type\":\"WebPage\",\"@id\":\"https:\/\/heavenlybite.shop\/mailerlite-signup-form\/\",\"url\":\"https:\/\/heavenlybite.shop\/mailerlite-signup-form\/\",\"name\":\"Mailerlite Signup Form - Heavenly Bite\",\"isPartOf\":{\"@id\":\"https:\/\/heavenlybite.shop\/#website\"},\"datePublished\":\"2025-08-19T11:07:37+00:00\",\"dateModified\":\"2025-08-19T11:07:38+00:00\",\"breadcrumb\":{\"@id\":\"https:\/\/heavenlybite.shop\/mailerlite-signup-form\/#breadcrumb\"},\"inLanguage\":\"sv-SE\",\"potentialAction\":[{\"@type\":\"ReadAction\",\"target\":[\"https:\/\/heavenlybite.shop\/mailerlite-signup-form\/\"]}]},{\"@type\":\"BreadcrumbList\",\"@id\":\"https:\/\/heavenlybite.shop\/mailerlite-signup-form\/#breadcrumb\",\"itemListElement\":[{\"@type\":\"ListItem\",\"position\":1,\"name\":\"Home\",\"item\":\"https:\/\/heavenlybite.shop\/\"},{\"@type\":\"ListItem\",\"position\":2,\"name\":\"Mailerlite Signup Form\"}]},{\"@type\":\"WebSite\",\"@id\":\"https:\/\/heavenlybite.shop\/#website\",\"url\":\"https:\/\/heavenlybite.shop\/\",\"name\":\"Heavenly Bite\",\"description\":\"International Delicacies, Sweets &amp; Chocolates\",\"potentialAction\":[{\"@type\":\"SearchAction\",\"target\":{\"@type\":\"EntryPoint\",\"urlTemplate\":\"https:\/\/heavenlybite.shop\/?s={search_term_string}\"},\"query-input\":{\"@type\":\"PropertyValueSpecification\",\"valueRequired\":true,\"valueName\":\"search_term_string\"}}],\"inLanguage\":\"sv-SE\"}]}<\/script>\n<!-- \/ Yoast SEO plugin. -->","yoast_head_json":{"title":"Mailerlite Signup Form - Heavenly Bite","robots":{"index":"index","follow":"follow","max-snippet":"max-snippet:-1","max-image-preview":"max-image-preview:large","max-video-preview":"max-video-preview:-1"},"canonical":"https:\/\/heavenlybite.shop\/sv\/mailerlite-signup-form\/","og_locale":"sv_SE","og_type":"article","og_title":"Mailerlite Signup Form - Heavenly Bite","og_url":"https:\/\/heavenlybite.shop\/sv\/mailerlite-signup-form\/","og_site_name":"Heavenly Bite","article_publisher":"https:\/\/www.facebook.com\/profile.php?id=61581108792790","article_modified_time":"2025-08-19T11:07:38+00:00","twitter_card":"summary_large_image","schema":{"@context":"https:\/\/schema.org","@graph":[{"@type":"WebPage","@id":"https:\/\/heavenlybite.shop\/mailerlite-signup-form\/","url":"https:\/\/heavenlybite.shop\/mailerlite-signup-form\/","name":"Mailerlite Signup Form - Heavenly Bite","isPartOf":{"@id":"https:\/\/heavenlybite.shop\/#website"},"datePublished":"2025-08-19T11:07:37+00:00","dateModified":"2025-08-19T11:07:38+00:00","breadcrumb":{"@id":"https:\/\/heavenlybite.shop\/mailerlite-signup-form\/#breadcrumb"},"inLanguage":"sv-SE","potentialAction":[{"@type":"ReadAction","target":["https:\/\/heavenlybite.shop\/mailerlite-signup-form\/"]}]},{"@type":"BreadcrumbList","@id":"https:\/\/heavenlybite.shop\/mailerlite-signup-form\/#breadcrumb","itemListElement":[{"@type":"ListItem","position":1,"name":"Home","item":"https:\/\/heavenlybite.shop\/"},{"@type":"ListItem","position":2,"name":"Mailerlite Signup Form"}]},{"@type":"WebSite","@id":"https:\/\/heavenlybite.shop\/#website","url":"https:\/\/heavenlybite.shop\/","name":"Heavenly Bite","description":"International Delicacies, Sweets &amp; Chocolates","potentialAction":[{"@type":"SearchAction","target":{"@type":"EntryPoint","urlTemplate":"https:\/\/heavenlybite.shop\/?s={search_term_string}"},"query-input":{"@type":"PropertyValueSpecification","valueRequired":true,"valueName":"search_term_string"}}],"inLanguage":"sv-SE"}]}},"_links":{"self":[{"href":"https:\/\/heavenlybite.shop\/sv\/wp-json\/wp\/v2\/pages\/23124","targetHints":{"allow":["GET"]}}],"collection":[{"href":"https:\/\/heavenlybite.shop\/sv\/wp-json\/wp\/v2\/pages"}],"about":[{"href":"https:\/\/heavenlybite.shop\/sv\/wp-json\/wp\/v2\/types\/page"}],"author":[{"embeddable":true,"href":"https:\/\/heavenlybite.shop\/sv\/wp-json\/wp\/v2\/users\/1"}],"replies":[{"embeddable":true,"href":"https:\/\/heavenlybite.shop\/sv\/wp-json\/wp\/v2\/comments?post=23124"}],"version-history":[{"count":1,"href":"https:\/\/heavenlybite.shop\/sv\/wp-json\/wp\/v2\/pages\/23124\/revisions"}],"predecessor-version":[{"id":23125,"href":"https:\/\/heavenlybite.shop\/sv\/wp-json\/wp\/v2\/pages\/23124\/revisions\/23125"}],"wp:attachment":[{"href":"https:\/\/heavenlybite.shop\/sv\/wp-json\/wp\/v2\/media?parent=23124"}],"curies":[{"name":"wp","href":"https:\/\/api.w.org\/{rel}","templated":true}]}}