{"id":21893,"date":"2024-02-22T11:39:14","date_gmt":"2024-02-22T11:39:14","guid":{"rendered":"https:\/\/wdtthemes.kinsta.cloud\/sweeny\/?page_id=42"},"modified":"2025-11-27T10:35:58","modified_gmt":"2025-11-27T10:35:58","slug":"contact-us","status":"publish","type":"page","link":"https:\/\/heavenlybite.shop\/sv\/contact-us\/","title":{"rendered":"Kontakta oss"},"content":{"rendered":"<div data-elementor-type=\"wp-page\" data-elementor-id=\"21893\" class=\"elementor elementor-21893\">\n\t\t\t\t\t\t<section class=\"elementor-section elementor-top-section elementor-element elementor-element-7948303 elementor-section-boxed elementor-section-height-default elementor-section-height-default\" data-id=\"7948303\" data-element_type=\"section\" data-settings=\"{&quot;wdt_bg_image&quot;:{&quot;url&quot;:&quot;&quot;,&quot;id&quot;:&quot;&quot;,&quot;size&quot;:&quot;&quot;},&quot;wdt_bg_image_tablet&quot;:{&quot;url&quot;:&quot;&quot;,&quot;id&quot;:&quot;&quot;,&quot;size&quot;:&quot;&quot;},&quot;wdt_bg_image_mobile&quot;:{&quot;url&quot;:&quot;&quot;,&quot;id&quot;:&quot;&quot;,&quot;size&quot;:&quot;&quot;},&quot;wdt_bg_position&quot;:&quot;center center&quot;,&quot;wdt_animation_effect&quot;:&quot;none&quot;}\">\n\t\t\t\t\t\t<div class=\"elementor-container elementor-column-gap-no\">\n\t\t\t\t\t<div class=\"elementor-column elementor-col-100 elementor-top-column elementor-element elementor-element-a68799f\" data-id=\"a68799f\" data-element_type=\"column\">\n\t\t\t<div class=\"elementor-widget-wrap elementor-element-populated\">\n\t\t\t\t\t\t<section class=\"elementor-section elementor-inner-section elementor-element elementor-element-bdf9302 elementor-section-full_width elementor-section-height-default elementor-section-height-default\" data-id=\"bdf9302\" data-element_type=\"section\" data-settings=\"{&quot;wdt_bg_image&quot;:{&quot;url&quot;:&quot;&quot;,&quot;id&quot;:&quot;&quot;,&quot;size&quot;:&quot;&quot;},&quot;wdt_bg_image_tablet&quot;:{&quot;url&quot;:&quot;&quot;,&quot;id&quot;:&quot;&quot;,&quot;size&quot;:&quot;&quot;},&quot;wdt_bg_image_mobile&quot;:{&quot;url&quot;:&quot;&quot;,&quot;id&quot;:&quot;&quot;,&quot;size&quot;:&quot;&quot;},&quot;wdt_bg_position&quot;:&quot;center center&quot;,&quot;wdt_animation_effect&quot;:&quot;none&quot;}\">\n\t\t\t\t\t\t<div class=\"elementor-container elementor-column-gap-no\">\n\t\t\t\t\t<div class=\"elementor-column elementor-col-100 elementor-inner-column elementor-element elementor-element-4cf31de elementor-invisible\" data-id=\"4cf31de\" data-element_type=\"column\" data-settings=\"{&quot;animation&quot;:&quot;fadeInLeft&quot;,&quot;animation_tablet&quot;:&quot;fadeInUp&quot;}\">\n\t\t\t<div class=\"elementor-widget-wrap elementor-element-populated\">\n\t\t\t\t\t\t<div class=\"elementor-element elementor-element-dce4d68 elementor-widget elementor-widget-wpforms\" data-id=\"dce4d68\" data-element_type=\"widget\" data-settings=\"{&quot;wdt_animation_effect&quot;:&quot;none&quot;}\" data-widget_type=\"wpforms.default\">\n\t\t\t\t<div class=\"elementor-widget-container\">\n\t\t\t\t\t<style id=\"wpforms-css-vars-elementor-widget-dce4d68\">\n\t\t\t\t.elementor-widget-wpforms.elementor-element-dce4d68 {\n\t\t\t\t--wpforms-field-size-input-height: 43px;\n--wpforms-field-size-input-spacing: 15px;\n--wpforms-field-size-font-size: 16px;\n--wpforms-field-size-line-height: 19px;\n--wpforms-field-size-padding-h: 14px;\n--wpforms-field-size-checkbox-size: 16px;\n--wpforms-field-size-sublabel-spacing: 5px;\n--wpforms-field-size-icon-size: 1;\n--wpforms-label-size-font-size: 16px;\n--wpforms-label-size-line-height: 19px;\n--wpforms-label-size-sublabel-font-size: 14px;\n--wpforms-label-size-sublabel-line-height: 17px;\n--wpforms-button-size-font-size: 17px;\n--wpforms-button-size-height: 41px;\n--wpforms-button-size-padding-h: 15px;\n--wpforms-button-size-margin-top: 10px;\n\n\t\t\t}\n\t\t\t<\/style><div class=\"wpforms-container wpforms-container-full wpforms-render-modern\" id=\"wpforms-23551\"><form id=\"wpforms-form-23551\" class=\"wpforms-validate wpforms-form wpforms-ajax-form\" data-formid=\"23551\" method=\"post\" enctype=\"multipart\/form-data\" action=\"\/sv\/wp-json\/wp\/v2\/pages\/21893\" data-token=\"031bb2cf9fa06631632371ebf852e0b3\" data-token-time=\"1778073096\" data-trp-original-action=\"\/sv\/wp-json\/wp\/v2\/pages\/21893\"><noscript class=\"wpforms-error-noscript\">Aktivera JavaScript i din webbl\u00e4sare f\u00f6r att fylla i formul\u00e4ret.<\/noscript><div class=\"wpforms-hidden\" id=\"wpforms-error-noscript\">Aktivera JavaScript i din webbl\u00e4sare f\u00f6r att fylla i formul\u00e4ret.<\/div><div class=\"wpforms-field-container\"><div id=\"wpforms-23551-field_1-container\" class=\"wpforms-field wpforms-field-name\" data-field-id=\"1\"><fieldset><legend class=\"wpforms-field-label\">Namn <span class=\"wpforms-required-label\" aria-hidden=\"true\">*<\/span><\/legend><div class=\"wpforms-field-row wpforms-field-medium\"><div class=\"wpforms-field-row-block wpforms-first wpforms-one-half\"><input type=\"text\" id=\"wpforms-23551-field_1\" class=\"wpforms-field-name-first wpforms-field-required\" name=\"wpforms[fields][1][first]\" aria-errormessage=\"wpforms-23551-field_1-error\" required><label for=\"wpforms-23551-field_1\" class=\"wpforms-field-sublabel after\">F\u00f6rst<\/label><\/div><div class=\"wpforms-field-row-block wpforms-one-half\"><input type=\"text\" id=\"wpforms-23551-field_1-last\" class=\"wpforms-field-name-last wpforms-field-required\" name=\"wpforms[fields][1][last]\" aria-errormessage=\"wpforms-23551-field_1-last-error\" required><label for=\"wpforms-23551-field_1-last\" class=\"wpforms-field-sublabel after\">Sist<\/label><\/div><\/div><\/fieldset><\/div><div id=\"wpforms-23551-field_2-container\" class=\"wpforms-field wpforms-field-email\" data-field-id=\"2\"><label class=\"wpforms-field-label\" for=\"wpforms-23551-field_2\">E-post <span class=\"wpforms-required-label\" aria-hidden=\"true\">*<\/span><\/label><input type=\"email\" id=\"wpforms-23551-field_2\" class=\"wpforms-field-medium wpforms-field-required\" name=\"wpforms[fields][2]\" spellcheck=\"false\" aria-errormessage=\"wpforms-23551-field_2-error\" required><\/div><div id=\"wpforms-23551-field_3-container\" class=\"wpforms-field wpforms-field-textarea\" data-field-id=\"3\"><label class=\"wpforms-field-label\" for=\"wpforms-23551-field_3\">Kommentar eller meddelande<\/label><textarea id=\"wpforms-23551-field_3\" class=\"wpforms-field-medium\" name=\"wpforms[fields][3]\" aria-errormessage=\"wpforms-23551-field_3-error\" ><\/textarea><\/div><\/div><!-- .wpforms-field-container --><div class=\"wpforms-recaptcha-container wpforms-is-recaptcha wpforms-is-recaptcha-type-v2\" ><div class=\"g-recaptcha\" data-sitekey=\"6LfF2r0rAAAAALnnKYpdzK4q5O8QOyyvug4HaXI1\"><\/div><input type=\"text\" name=\"g-recaptcha-hidden\" class=\"wpforms-recaptcha-hidden\" style=\"position:absolute!important;clip:rect(0,0,0,0)!important;height:1px!important;width:1px!important;border:0!important;overflow:hidden!important;padding:0!important;margin:0!important;\" data-rule-recaptcha=\"1\"><\/div><div class=\"wpforms-submit-container\" ><input type=\"hidden\" name=\"wpforms[id]\" value=\"23551\"><input type=\"hidden\" name=\"page_title\" value=\"\"><input type=\"hidden\" name=\"page_url\" value=\"https:\/\/heavenlybite.shop\/sv\/wp-json\/wp\/v2\/pages\/21893\"><input type=\"hidden\" name=\"url_referer\" value=\"\"><button type=\"submit\" name=\"wpforms[submit]\" id=\"wpforms-submit-23551\" class=\"wpforms-submit\" data-alt-text=\"Sending...\" data-submit-text=\"Submit\" aria-live=\"assertive\" value=\"wpforms-submit\">Skicka<\/button><img decoding=\"async\" src=\"https:\/\/heavenlybite.shop\/wp-content\/plugins\/wpforms-lite\/assets\/images\/submit-spin.svg\" class=\"wpforms-submit-spinner\" style=\"display: none;\" width=\"26\" height=\"26\" alt=\"Laddar\"><\/div><input type=\"hidden\" name=\"trp-form-language\" value=\"sv\"\/><\/form><\/div>  <!-- .wpforms-container -->\t\t\t\t<\/div>\n\t\t\t\t<\/div>\n\t\t\t\t<div class=\"elementor-element elementor-element-719f161 wdt-cus-contact-list elementor-widget elementor-widget-wdt-advanced-slider\" data-id=\"719f161\" data-element_type=\"widget\" data-settings=\"{&quot;columns&quot;:2,&quot;columns_tablet&quot;:2,&quot;columns_mobile&quot;:1,&quot;carousel_arrows_prev_arrow_vertical_top_indent&quot;:{&quot;unit&quot;:&quot;%&quot;,&quot;size&quot;:&quot;&quot;,&quot;sizes&quot;:[]},&quot;carousel_arrows_prev_arrow_vertical_top_indent_tablet&quot;:{&quot;unit&quot;:&quot;%&quot;,&quot;size&quot;:&quot;&quot;,&quot;sizes&quot;:[]},&quot;carousel_arrows_prev_arrow_vertical_top_indent_mobile&quot;:{&quot;unit&quot;:&quot;%&quot;,&quot;size&quot;:&quot;&quot;,&quot;sizes&quot;:[]},&quot;carousel_arrows_prev_arrow_horizontal_left_indent&quot;:{&quot;unit&quot;:&quot;%&quot;,&quot;size&quot;:&quot;&quot;,&quot;sizes&quot;:[]},&quot;carousel_arrows_prev_arrow_horizontal_left_indent_tablet&quot;:{&quot;unit&quot;:&quot;%&quot;,&quot;size&quot;:&quot;&quot;,&quot;sizes&quot;:[]},&quot;carousel_arrows_prev_arrow_horizontal_left_indent_mobile&quot;:{&quot;unit&quot;:&quot;%&quot;,&quot;size&quot;:&quot;&quot;,&quot;sizes&quot;:[]},&quot;carousel_arrows_next_arrow_vertical_top_indent&quot;:{&quot;unit&quot;:&quot;%&quot;,&quot;size&quot;:&quot;&quot;,&quot;sizes&quot;:[]},&quot;carousel_arrows_next_arrow_vertical_top_indent_tablet&quot;:{&quot;unit&quot;:&quot;%&quot;,&quot;size&quot;:&quot;&quot;,&quot;sizes&quot;:[]},&quot;carousel_arrows_next_arrow_vertical_top_indent_mobile&quot;:{&quot;unit&quot;:&quot;%&quot;,&quot;size&quot;:&quot;&quot;,&quot;sizes&quot;:[]},&quot;carousel_arrows_next_arrow_horizontal_left_indent&quot;:{&quot;unit&quot;:&quot;%&quot;,&quot;size&quot;:&quot;&quot;,&quot;sizes&quot;:[]},&quot;carousel_arrows_next_arrow_horizontal_left_indent_tablet&quot;:{&quot;unit&quot;:&quot;%&quot;,&quot;size&quot;:&quot;&quot;,&quot;sizes&quot;:[]},&quot;carousel_arrows_next_arrow_horizontal_left_indent_mobile&quot;:{&quot;unit&quot;:&quot;%&quot;,&quot;size&quot;:&quot;&quot;,&quot;sizes&quot;:[]},&quot;wdt_animation_effect&quot;:&quot;none&quot;}\" data-widget_type=\"wdt-advanced-slider.default\">\n\t\t\t\t<div class=\"elementor-widget-container\">\n\t\t\t\t\t<div class=\"wdt-specifications-holder wdt-content-item-holder wdt-column-holder\" id=\"wdt-specifications-719f161\" data-settings=\"\"><div class=\"wdt-column-wrapper wdt-column-gap-custom\" data-column-settings=\"\" data-module-id=\"wdt-module-id-719f161\" id=\"wdt-module-id-719f161\"><div class=\"wdt-column\"><div class=\"wdt-content-item\"><div class=\"wdt-advanced-slider-block\"><div class=\"wdt-image-icon-group\"><div class=\"wdt-content-icon-wrapper\"><div class=\"wdt-content-icon\"><a href=\"\" class=\"silde_pop_vid\"><span><i><svg xmlns=\"http:\/\/www.w3.org\/2000\/svg\" xmlns:xlink=\"http:\/\/www.w3.org\/1999\/xlink\" x=\"0px\" y=\"0px\" viewbox=\"0 0 100 100\" style=\"enable-background:new 0 0 100 100;\" xml:space=\"preserve\"><path d=\"M75.7,43.4c-1.8,0-3.3,0.7-4.5,1.8c-0.3-3.1-2.9-5.5-6.1-5.5c-1.7,0-3.2,0.7-4.3,1.8c-0.9-2.7-3.5-4.7-6.5-4.7 c-1.8,0-3.5,0.7-4.7,1.9V23.3c0-3.8-3.1-7-7-7c-3.8,0-7,3.1-7,7v38.8c-1.7-2.7-4.4-6.4-8.1-9.3c-2.2-1.8-5.4-1.8-7.7,0 c-1.3,1-2.1,2.5-2.3,4.2c-0.2,1.6,0.3,3.3,1.4,4.5c2.2,2.7,5.5,7.6,8.9,15.7C28.3,78.1,37.7,99,52.7,99c0.2,0,0.4,0,0.6,0h2.5 c14.7,0,26.7-12,26.7-26.7V50C82.4,46.3,79.4,43.4,75.7,43.4L75.7,43.4z M80.2,72.3c0,13.5-11,24.5-24.5,24.5h-2.5 c-13.9,0.5-23.3-20.3-23.3-20.5C26.4,68,23,63,20.7,60.2c-0.7-0.8-1-1.9-0.9-3c0.1-1.1,0.7-2.1,1.5-2.7c1.5-1.2,3.6-1.2,5,0 c5.2,4.2,8.5,10.1,9.4,11.8c0.2,0.5,0.8,0.7,1.3,0.6c0.5-0.1,0.9-0.6,0.9-1.1V23.3c0-2.7,2.2-4.8,4.8-4.8c2.7,0,4.8,2.2,4.8,4.8 v34.9c0,0.6,0.5,1.1,1.1,1.1s1.1-0.5,1.1-1.1V43.5c0-2.6,2.1-4.7,4.7-4.7s4.7,2.1,4.7,4.7v14.1c0,0.6,0.5,1.1,1.1,1.1 c0.6,0,1.1-0.5,1.1-1.1V45.8c0-2.2,1.8-4,4-4c2.2,0,4,1.8,4,4v11.8c0,0.6,0.5,1.1,1.1,1.1c0.6,0,1.1-0.5,1.1-1.1V50 c0-2.5,2-4.5,4.5-4.5c2.5,0,4.5,2,4.5,4.5V72.3z\"><\/path><path d=\"M29.5,39.6c0.2,0.1,0.4,0.2,0.6,0.2c0.3,0,0.7-0.2,0.9-0.5c0.3-0.5,0.2-1.1-0.3-1.5 c-5.1-3.6-8.2-9.4-8.2-15.6c0-10.5,8.6-19.1,19.1-19.1c10.5,0,19.1,8.6,19.1,19.1c0,2.8-0.6,5.4-1.7,7.9c-0.2,0.5,0,1.2,0.5,1.4 c0.5,0.2,1.2,0,1.4-0.5c1.3-2.8,1.9-5.7,1.9-8.8C62.8,10.5,53.3,1,41.6,1c-11.7,0-21.2,9.5-21.2,21.2C20.4,29.1,23.8,35.6,29.5,39.6 z\"><\/path><\/svg><\/i><\/span><\/a><\/div><\/div><\/div><div class=\"wdt-content-detail-group\"><div class=\"wdt-content-title\"><h5><a href=\"\">Chatta med oss<\/a><\/h5><\/div><div class=\"wdt-content-button-group\"><div class=\"wdt-content-button wdt-button-clone\"><a href=\"mailto:info@heavenlybite.shop\"><div class=\"wdt-button-text\"><span>info@heavenlybite.shop<\/span><\/div><\/a><\/div><\/div><\/div><\/div><\/div><\/div><div class=\"wdt-column\"><div class=\"wdt-content-item\"><div class=\"wdt-advanced-slider-block\"><div class=\"wdt-image-icon-group\"><div class=\"wdt-content-icon-wrapper\"><div class=\"wdt-content-icon\"><a href=\"\" class=\"silde_pop_vid\"><span><i><svg xmlns=\"http:\/\/www.w3.org\/2000\/svg\" xmlns:xlink=\"http:\/\/www.w3.org\/1999\/xlink\" x=\"0px\" y=\"0px\" viewbox=\"0 0 100 100\" style=\"enable-background:new 0 0 100 100;\" xml:space=\"preserve\"><path d=\"M87.1,72.9c-0.1-0.1-0.2-0.1-0.2-0.2L71,63.7l-0.2-0.1c-0.1,0-0.1-0.1-0.2-0.1c-5.6-2.6-9.5,2.4-12.4,6.2 c-0.5,0.7-1.2,1.6-1.7,2.1c-0.6,0.6-1.2,1.1-1.6,1.2c-0.1,0-0.3,0.1-0.5,0c-6.5-3.3-12-7.4-16.6-12.3c-3.8-4-7.2-8.7-10.5-14.6 c-0.4-1.3,1.4-2.7,3.6-4.3c0.7-0.5,1.4-1,1.9-1.5c2.1-1.6,3.5-3.1,4.3-4.8c1-2.4,0.7-4.7-1-6.9L26,11.5c-0.5-1-1.5-1.6-2.6-1.6 c-5.8-0.5-10.8,0.8-14.7,4c-3.9,3.1-6.4,7.9-7.4,13.7C0,36.4,2.2,46.6,7.9,56.8C13.6,67.1,22.6,77.4,32.7,85c2.4,1.8,4.7,3.2,7,4.7 l0.8,0.5c5.6,3.5,10.3,5.7,14.8,7.1c3.5,1.1,6.8,1.6,10.2,1.6c1.6,0,3.2-0.1,4.7-0.3c4-0.6,7.1-1.4,9.7-2.7c3.6-1.6,6.4-4.1,8.2-7.3 c1.6-2.8,2.5-5.9,2.5-8.5C90.6,77,89.4,74.5,87.1,72.9L87.1,72.9z M86,87.4c-1.6,2.8-3.9,4.8-7.1,6.2c-2.4,1.1-5.3,1.9-9.1,2.5 c-4.6,0.7-9,0.3-13.8-1.2c-4.2-1.3-8.7-3.5-14.2-6.8L41,87.6c-2.2-1.4-4.6-2.9-6.9-4.6C24.3,75.6,15.6,65.6,10,55.6 c-5.4-9.8-7.5-19.4-6.2-27.7c0.9-5.3,3.1-9.5,6.5-12.2c2.9-2.3,6.5-3.5,10.8-3.5c0.7,0,1.4,0,2.2,0.1c0.3,0,0.5,0.2,0.6,0.4 l10.2,17.2l0.1,0.1c1.2,1.5,1.4,2.9,0.7,4.5c-0.5,1.3-1.7,2.6-3.5,3.9l-0.1,0.1c-0.5,0.4-1.1,0.9-1.8,1.4c-2.4,1.7-5.6,4.1-4.4,7.2 l0.7-0.3l-0.6,0.3c3.4,6.2,6.9,11,10.9,15.2c4.8,5.1,10.5,9.3,17.3,12.8c0.8,0.4,1.7,0.4,2.4,0.1c0.8-0.3,1.6-0.8,2.5-1.8 c0.5-0.5,1.1-1.2,2-2.4c3.2-4.2,5.8-7.1,9.4-5.4c0.1,0,0.1,0.1,0.2,0.1l15.8,9.1c0,0,0.1,0.1,0.1,0.1c1.6,1.1,2.4,2.8,2.4,5.2 C88.2,82.3,87.4,85,86,87.4L86,87.4z\"><\/path><path d=\"M71.8,6.9C59.4,0.7,47.5,1.1,47,1.1c-0.7,0-1.2,0.6-1.2,1.3s0.6,1.2,1.3,1.2c0.1,0,11.8-0.4,23.7,5.6 c15.8,7.9,24.5,22.7,25.7,44c0,0.6,0.6,1.1,1.2,1.1c0,0,0,0,0.1,0c0.7,0,1.2-0.6,1.1-1.3C97.4,25.3,83.3,12.6,71.8,6.9L71.8,6.9z\"><\/path><path d=\"M49,16.4c0.1,0,8.3-0.3,16.7,3.9c11.1,5.6,17.2,16,18.1,31c0,0.6,0.6,1.1,1.2,1.1c0,0,0,0,0.1,0 c0.7,0,1.2-0.6,1.1-1.3c-1.2-19.9-11.2-28.9-19.5-33c-8.9-4.4-17.4-4.2-17.8-4.1c-0.7,0-1.2,0.6-1.2,1.3 C47.7,15.9,48.3,16.4,49,16.4L49,16.4z\"><\/path><path d=\"M46.5,27.4c0,0.7,0.6,1.2,1.3,1.2c0.9,0,22.4-0.5,23.8,23.9c0,0.6,0.6,1.1,1.2,1.1c0,0,0,0,0.1,0 c0.7,0,1.2-0.6,1.1-1.3c-1.6-26.8-26.1-26.2-26.3-26.2C47,26.2,46.4,26.8,46.5,27.4z\"><\/path><\/svg><\/i><\/span><\/a><\/div><\/div><\/div><div class=\"wdt-content-detail-group\"><div class=\"wdt-content-title\"><h5><a href=\"\">Ring oss<\/a><\/h5><\/div><div class=\"wdt-content-button-group\"><div class=\"wdt-content-button wdt-button-clone\"><a href=\"tel:46%2007%2061%2083%2053%2056\"><div class=\"wdt-button-text\"><span>+46 7 61 83 53 56<\/span><\/div><\/a><\/div><\/div><\/div><\/div><\/div><\/div><\/div><\/div>\t\t\t\t<\/div>\n\t\t\t\t<\/div>\n\t\t\t\t\t<\/div>\n\t\t<\/div>\n\t\t\t\t\t<\/div>\n\t\t<\/section>\n\t\t\t\t\t<\/div>\n\t\t<\/div>\n\t\t\t\t\t<\/div>\n\t\t<\/section>\n\t\t\t\t<section class=\"elementor-section elementor-top-section elementor-element elementor-element-f39cf34 elementor-hidden-desktop elementor-hidden-tablet elementor-hidden-mobile elementor-section-boxed elementor-section-height-default elementor-section-height-default\" data-id=\"f39cf34\" data-element_type=\"section\" data-settings=\"{&quot;wdt_bg_image&quot;:{&quot;url&quot;:&quot;&quot;,&quot;id&quot;:&quot;&quot;,&quot;size&quot;:&quot;&quot;},&quot;wdt_bg_image_tablet&quot;:{&quot;url&quot;:&quot;&quot;,&quot;id&quot;:&quot;&quot;,&quot;size&quot;:&quot;&quot;},&quot;wdt_bg_image_mobile&quot;:{&quot;url&quot;:&quot;&quot;,&quot;id&quot;:&quot;&quot;,&quot;size&quot;:&quot;&quot;},&quot;wdt_bg_position&quot;:&quot;center center&quot;,&quot;wdt_animation_effect&quot;:&quot;none&quot;}\">\n\t\t\t\t\t\t<div class=\"elementor-container elementor-column-gap-no\">\n\t\t\t\t\t<div class=\"elementor-column elementor-col-100 elementor-top-column elementor-element elementor-element-2023073\" data-id=\"2023073\" data-element_type=\"column\">\n\t\t\t<div class=\"elementor-widget-wrap elementor-element-populated\">\n\t\t\t\t\t\t<div class=\"elementor-element elementor-element-f7a9f24 elementor-widget elementor-widget-html\" data-id=\"f7a9f24\" data-element_type=\"widget\" data-settings=\"{&quot;wdt_animation_effect&quot;:&quot;none&quot;}\" data-widget_type=\"html.default\">\n\t\t\t\t<div class=\"elementor-widget-container\">\n\t\t\t\t\t<style>\n    \n    body {\n        background-color: rgb(241, 250, 251);\n        \/*background-color: var(--wdtAccentTxtColor);*\/\n    }\n    \n    \n<\/style>\t\t\t\t<\/div>\n\t\t\t\t<\/div>\n\t\t\t\t\t<\/div>\n\t\t<\/div>\n\t\t\t\t\t<\/div>\n\t\t<\/section>\n\t\t\t\t<\/div>","protected":false},"excerpt":{"rendered":"<p>Please enable JavaScript in your browser to complete this form.Please enable JavaScript in your browser to complete this form. Name * FirstLast Email *Comment or Message Submit Chat To Us info@heavenlybite.shop Call Us +46 7 61 83 53 56<\/p>","protected":false},"author":1,"featured_media":0,"parent":0,"menu_order":0,"comment_status":"closed","ping_status":"closed","template":"","meta":{"footnotes":""},"class_list":["post-21893","page","type-page","status-publish","hentry"],"yoast_head":"<!-- This site is optimized with the Yoast SEO plugin v26.1.1 - https:\/\/yoast.com\/wordpress\/plugins\/seo\/ -->\n<title>Contact Us - Heavenly Bite<\/title>\n<meta name=\"description\" content=\"Get in touch with us for questions, support, or feedback. Our Contact Us page makes it easy to reach our team and receive timely assistance.\" \/>\n<meta name=\"robots\" content=\"index, follow, max-snippet:-1, max-image-preview:large, max-video-preview:-1\" \/>\n<link rel=\"canonical\" href=\"https:\/\/heavenlybite.shop\/sv\/contact-us\/\" \/>\n<meta property=\"og:locale\" content=\"sv_SE\" \/>\n<meta property=\"og:type\" content=\"article\" \/>\n<meta property=\"og:title\" content=\"Contact Us - Heavenly Bite\" \/>\n<meta property=\"og:description\" content=\"Get in touch with us for questions, support, or feedback. Our Contact Us page makes it easy to reach our team and receive timely assistance.\" \/>\n<meta property=\"og:url\" content=\"https:\/\/heavenlybite.shop\/sv\/contact-us\/\" \/>\n<meta property=\"og:site_name\" content=\"Heavenly Bite\" \/>\n<meta property=\"article:publisher\" content=\"https:\/\/www.facebook.com\/profile.php?id=61581108792790\" \/>\n<meta property=\"article:modified_time\" content=\"2025-11-27T10:35:58+00:00\" \/>\n<meta property=\"og:image\" content=\"https:\/\/heavenlybite.shop\/wp-content\/plugins\/wpforms-lite\/assets\/images\/submit-spin.svg\" \/>\n<meta name=\"twitter:card\" content=\"summary_large_image\" \/>\n<meta name=\"twitter:label1\" content=\"Ber\u00e4knad l\u00e4stid\" \/>\n\t<meta name=\"twitter:data1\" content=\"1 minut\" \/>\n<script type=\"application\/ld+json\" class=\"yoast-schema-graph\">{\"@context\":\"https:\/\/schema.org\",\"@graph\":[{\"@type\":\"WebPage\",\"@id\":\"https:\/\/heavenlybite.shop\/contact-us\/\",\"url\":\"https:\/\/heavenlybite.shop\/contact-us\/\",\"name\":\"Contact Us - Heavenly Bite\",\"isPartOf\":{\"@id\":\"https:\/\/heavenlybite.shop\/#website\"},\"primaryImageOfPage\":{\"@id\":\"https:\/\/heavenlybite.shop\/contact-us\/#primaryimage\"},\"image\":{\"@id\":\"https:\/\/heavenlybite.shop\/contact-us\/#primaryimage\"},\"thumbnailUrl\":\"https:\/\/heavenlybite.shop\/wp-content\/plugins\/wpforms-lite\/assets\/images\/submit-spin.svg\",\"datePublished\":\"2024-02-22T11:39:14+00:00\",\"dateModified\":\"2025-11-27T10:35:58+00:00\",\"description\":\"Get in touch with us for questions, support, or feedback. Our Contact Us page makes it easy to reach our team and receive timely assistance.\",\"breadcrumb\":{\"@id\":\"https:\/\/heavenlybite.shop\/contact-us\/#breadcrumb\"},\"inLanguage\":\"sv-SE\",\"potentialAction\":[{\"@type\":\"ReadAction\",\"target\":[\"https:\/\/heavenlybite.shop\/contact-us\/\"]}]},{\"@type\":\"ImageObject\",\"inLanguage\":\"sv-SE\",\"@id\":\"https:\/\/heavenlybite.shop\/contact-us\/#primaryimage\",\"url\":\"https:\/\/heavenlybite.shop\/wp-content\/plugins\/wpforms-lite\/assets\/images\/submit-spin.svg\",\"contentUrl\":\"https:\/\/heavenlybite.shop\/wp-content\/plugins\/wpforms-lite\/assets\/images\/submit-spin.svg\"},{\"@type\":\"BreadcrumbList\",\"@id\":\"https:\/\/heavenlybite.shop\/contact-us\/#breadcrumb\",\"itemListElement\":[{\"@type\":\"ListItem\",\"position\":1,\"name\":\"Home\",\"item\":\"https:\/\/heavenlybite.shop\/\"},{\"@type\":\"ListItem\",\"position\":2,\"name\":\"Contact Us\"}]},{\"@type\":\"WebSite\",\"@id\":\"https:\/\/heavenlybite.shop\/#website\",\"url\":\"https:\/\/heavenlybite.shop\/\",\"name\":\"Heavenly Bite\",\"description\":\"International Delicacies, Sweets &amp; Chocolates\",\"potentialAction\":[{\"@type\":\"SearchAction\",\"target\":{\"@type\":\"EntryPoint\",\"urlTemplate\":\"https:\/\/heavenlybite.shop\/?s={search_term_string}\"},\"query-input\":{\"@type\":\"PropertyValueSpecification\",\"valueRequired\":true,\"valueName\":\"search_term_string\"}}],\"inLanguage\":\"sv-SE\"}]}<\/script>\n<!-- \/ Yoast SEO plugin. -->","yoast_head_json":{"title":"Contact Us - Heavenly Bite","description":"Get in touch with us for questions, support, or feedback. Our Contact Us page makes it easy to reach our team and receive timely assistance.","robots":{"index":"index","follow":"follow","max-snippet":"max-snippet:-1","max-image-preview":"max-image-preview:large","max-video-preview":"max-video-preview:-1"},"canonical":"https:\/\/heavenlybite.shop\/sv\/contact-us\/","og_locale":"sv_SE","og_type":"article","og_title":"Contact Us - Heavenly Bite","og_description":"Get in touch with us for questions, support, or feedback. Our Contact Us page makes it easy to reach our team and receive timely assistance.","og_url":"https:\/\/heavenlybite.shop\/sv\/contact-us\/","og_site_name":"Heavenly Bite","article_publisher":"https:\/\/www.facebook.com\/profile.php?id=61581108792790","article_modified_time":"2025-11-27T10:35:58+00:00","og_image":[{"url":"https:\/\/heavenlybite.shop\/wp-content\/plugins\/wpforms-lite\/assets\/images\/submit-spin.svg","type":"","width":"","height":""}],"twitter_card":"summary_large_image","twitter_misc":{"Ber\u00e4knad l\u00e4stid":"1 minut"},"schema":{"@context":"https:\/\/schema.org","@graph":[{"@type":"WebPage","@id":"https:\/\/heavenlybite.shop\/contact-us\/","url":"https:\/\/heavenlybite.shop\/contact-us\/","name":"Contact Us - Heavenly Bite","isPartOf":{"@id":"https:\/\/heavenlybite.shop\/#website"},"primaryImageOfPage":{"@id":"https:\/\/heavenlybite.shop\/contact-us\/#primaryimage"},"image":{"@id":"https:\/\/heavenlybite.shop\/contact-us\/#primaryimage"},"thumbnailUrl":"https:\/\/heavenlybite.shop\/wp-content\/plugins\/wpforms-lite\/assets\/images\/submit-spin.svg","datePublished":"2024-02-22T11:39:14+00:00","dateModified":"2025-11-27T10:35:58+00:00","description":"Get in touch with us for questions, support, or feedback. Our Contact Us page makes it easy to reach our team and receive timely assistance.","breadcrumb":{"@id":"https:\/\/heavenlybite.shop\/contact-us\/#breadcrumb"},"inLanguage":"sv-SE","potentialAction":[{"@type":"ReadAction","target":["https:\/\/heavenlybite.shop\/contact-us\/"]}]},{"@type":"ImageObject","inLanguage":"sv-SE","@id":"https:\/\/heavenlybite.shop\/contact-us\/#primaryimage","url":"https:\/\/heavenlybite.shop\/wp-content\/plugins\/wpforms-lite\/assets\/images\/submit-spin.svg","contentUrl":"https:\/\/heavenlybite.shop\/wp-content\/plugins\/wpforms-lite\/assets\/images\/submit-spin.svg"},{"@type":"BreadcrumbList","@id":"https:\/\/heavenlybite.shop\/contact-us\/#breadcrumb","itemListElement":[{"@type":"ListItem","position":1,"name":"Home","item":"https:\/\/heavenlybite.shop\/"},{"@type":"ListItem","position":2,"name":"Contact Us"}]},{"@type":"WebSite","@id":"https:\/\/heavenlybite.shop\/#website","url":"https:\/\/heavenlybite.shop\/","name":"Heavenly Bite","description":"International Delicacies, Sweets &amp; Chocolates","potentialAction":[{"@type":"SearchAction","target":{"@type":"EntryPoint","urlTemplate":"https:\/\/heavenlybite.shop\/?s={search_term_string}"},"query-input":{"@type":"PropertyValueSpecification","valueRequired":true,"valueName":"search_term_string"}}],"inLanguage":"sv-SE"}]}},"_links":{"self":[{"href":"https:\/\/heavenlybite.shop\/sv\/wp-json\/wp\/v2\/pages\/21893","targetHints":{"allow":["GET"]}}],"collection":[{"href":"https:\/\/heavenlybite.shop\/sv\/wp-json\/wp\/v2\/pages"}],"about":[{"href":"https:\/\/heavenlybite.shop\/sv\/wp-json\/wp\/v2\/types\/page"}],"author":[{"embeddable":true,"href":"https:\/\/heavenlybite.shop\/sv\/wp-json\/wp\/v2\/users\/1"}],"replies":[{"embeddable":true,"href":"https:\/\/heavenlybite.shop\/sv\/wp-json\/wp\/v2\/comments?post=21893"}],"version-history":[{"count":23,"href":"https:\/\/heavenlybite.shop\/sv\/wp-json\/wp\/v2\/pages\/21893\/revisions"}],"predecessor-version":[{"id":24803,"href":"https:\/\/heavenlybite.shop\/sv\/wp-json\/wp\/v2\/pages\/21893\/revisions\/24803"}],"wp:attachment":[{"href":"https:\/\/heavenlybite.shop\/sv\/wp-json\/wp\/v2\/media?parent=21893"}],"curies":[{"name":"wp","href":"https:\/\/api.w.org\/{rel}","templated":true}]}}