{"id":11960,"date":"2024-03-18T07:53:09","date_gmt":"2024-03-18T07:53:09","guid":{"rendered":"https:\/\/wdtthemes.kinsta.cloud\/sweeny\/?page_id=11960"},"modified":"2025-11-28T12:48:20","modified_gmt":"2025-11-28T12:48:20","slug":"about-us","status":"publish","type":"page","link":"https:\/\/heavenlybite.shop\/sv\/about-us\/","title":{"rendered":"Om oss"},"content":{"rendered":"<div data-elementor-type=\"wp-page\" data-elementor-id=\"11960\" class=\"elementor elementor-11960\">\n\t\t\t\t<div class=\"elementor-element elementor-element-a70ae28 e-flex e-con-boxed e-con e-parent\" data-id=\"a70ae28\" data-element_type=\"container\">\n\t\t\t\t\t<div class=\"e-con-inner\">\n\t\t\t\t\t<\/div>\n\t\t\t\t<\/div>\n\t\t<div class=\"elementor-element elementor-element-7a8fb8e e-grid e-con-full e-con e-parent\" data-id=\"7a8fb8e\" data-element_type=\"container\">\n\t\t<div class=\"elementor-element elementor-element-bab813c e-con-full e-flex e-con e-child\" data-id=\"bab813c\" data-element_type=\"container\">\n\t\t\t\t<div class=\"elementor-element elementor-element-2190708 elementor-widget elementor-widget-heading\" data-id=\"2190708\" data-element_type=\"widget\" data-settings=\"{&quot;wdt_animation_effect&quot;:&quot;none&quot;}\" data-widget_type=\"heading.default\">\n\t\t\t\t<div class=\"elementor-widget-container\">\n\t\t\t\t\t<h2 class=\"elementor-heading-title elementor-size-default\">V\u00e5r ber\u00e4ttelse<\/h2>\t\t\t\t<\/div>\n\t\t\t\t<\/div>\n\t\t\t\t<div class=\"elementor-element elementor-element-4f8e5fc elementor-widget elementor-widget-text-editor\" data-id=\"4f8e5fc\" data-element_type=\"widget\" data-settings=\"{&quot;wdt_animation_effect&quot;:&quot;none&quot;}\" data-widget_type=\"text-editor.default\">\n\t\t\t\t<div class=\"elementor-widget-container\">\n\t\t\t\t\t\t\t\t\t<p data-start=\"171\" data-end=\"342\">P\u00e5 Heavenly Bite b\u00f6rjade v\u00e5r resa med en enkel id\u00e9: att bevara den tidl\u00f6sa traditionen av autentiska s\u00f6tsaker samtidigt som vi ger dem en modern touch f\u00f6r dagens generation.\nDet som b\u00f6rjade som en inspirerande vision blev snart ett passionerat uppdrag \u2014 att sprida gl\u00e4dje, kultur och k\u00e4rlek genom mat.<\/p><p data-start=\"472\" data-end=\"824\">Vi h\u00e4mtar inspiration fr\u00e5n v\u00e4rldens rika dessertkulturer \u2014 stunder d\u00e4r en enda tugga av <strong data-start=\"337\" data-end=\"406\">Gulab Jamun, Kunafa, chokladgodis eller klassiska europeiska s\u00f6tsaker<\/strong> kunde lysa upp en hel dag.<\/p><p data-start=\"826\" data-end=\"1180\">V\u00e4gledda av denna globala k\u00e4rlek till desserter skapades Heavenly Bite som en plats d\u00e4r alla kan uppleva samma magi, oavsett var de befinner sig.\nFr\u00e5n de livfulla smakerna i Sydasien till de tidl\u00f6sa traditionerna i Mellan\u00f6stern och Europas \u00e4lskade s\u00f6tsaker speglar v\u00e5rt utbud \u00e4kthet, kvalitet och en djup respekt f\u00f6r kulturellt arv.<\/p><p data-start=\"1182\" data-end=\"1330\">Med varje produkt vi delar \u00e4r v\u00e5rt m\u00e5l enkelt: att leverera tidl\u00f6sa smaker och meningsfulla upplevelser direkt till dig \u2014 en himmelsk tugga i taget.<\/p>\t\t\t\t\t\t\t\t<\/div>\n\t\t\t\t<\/div>\n\t\t\t\t<\/div>\n\t\t\t\t<div class=\"elementor-element elementor-element-4c8ed0a elementor-widget__width-initial elementor-widget elementor-widget-image\" data-id=\"4c8ed0a\" data-element_type=\"widget\" data-settings=\"{&quot;wdt_animation_effect&quot;:&quot;none&quot;}\" data-widget_type=\"image.default\">\n\t\t\t\t<div class=\"elementor-widget-container\">\n\t\t\t\t\t\t\t\t\t\t\t\t\t\t\t<img fetchpriority=\"high\" decoding=\"async\" width=\"768\" height=\"929\" src=\"https:\/\/heavenlybite.shop\/wp-content\/uploads\/2025\/11\/66-768x929.png\" class=\"attachment-medium_large size-medium_large wp-image-24568\" alt=\"\" srcset=\"https:\/\/heavenlybite.shop\/wp-content\/uploads\/2025\/11\/66-768x929.png 768w, https:\/\/heavenlybite.shop\/wp-content\/uploads\/2025\/11\/66-248x300.png 248w, https:\/\/heavenlybite.shop\/wp-content\/uploads\/2025\/11\/66-847x1024.png 847w, https:\/\/heavenlybite.shop\/wp-content\/uploads\/2025\/11\/66-10x12.png 10w, https:\/\/heavenlybite.shop\/wp-content\/uploads\/2025\/11\/66.png 992w\" sizes=\"(max-width: 768px) 100vw, 768px\" \/>\t\t\t\t\t\t\t\t\t\t\t\t\t\t\t<\/div>\n\t\t\t\t<\/div>\n\t\t\t\t<\/div>\n\t\t<div class=\"elementor-element elementor-element-a84cbc7 e-con-full e-flex e-con e-parent\" data-id=\"a84cbc7\" data-element_type=\"container\">\n\t\t\t\t<div class=\"elementor-element elementor-element-d94a5c2 elementor-widget elementor-widget-spacer\" data-id=\"d94a5c2\" data-element_type=\"widget\" data-settings=\"{&quot;wdt_animation_effect&quot;:&quot;none&quot;}\" data-widget_type=\"spacer.default\">\n\t\t\t\t<div class=\"elementor-widget-container\">\n\t\t\t\t\t\t\t<div class=\"elementor-spacer\">\n\t\t\t<div class=\"elementor-spacer-inner\"><\/div>\n\t\t<\/div>\n\t\t\t\t\t\t<\/div>\n\t\t\t\t<\/div>\n\t\t\t\t<\/div>\n\t\t<div class=\"elementor-element elementor-element-e54d7a2 e-flex e-con-boxed e-con e-parent\" data-id=\"e54d7a2\" data-element_type=\"container\">\n\t\t\t\t\t<div class=\"e-con-inner\">\n\t\t<div class=\"elementor-element elementor-element-e836c15 e-con-full e-flex e-con e-child\" data-id=\"e836c15\" data-element_type=\"container\">\n\t\t\t\t<div class=\"elementor-element elementor-element-53b87c0 elementor-widget__width-initial elementor-widget elementor-widget-image\" data-id=\"53b87c0\" data-element_type=\"widget\" data-settings=\"{&quot;wdt_animation_effect&quot;:&quot;none&quot;}\" data-widget_type=\"image.default\">\n\t\t\t\t<div class=\"elementor-widget-container\">\n\t\t\t\t\t\t\t\t\t\t\t\t\t\t\t<img decoding=\"async\" src=\"https:\/\/heavenlybite.shop\/wp-content\/uploads\/elementor\/thumbs\/65-revlr6fk1k3u4tht1jereiruexmrrf7rjafuu4lx9i.png\" title=\"65\" alt=\"65\" loading=\"lazy\" \/>\t\t\t\t\t\t\t\t\t\t\t\t\t\t\t<\/div>\n\t\t\t\t<\/div>\n\t\t\t\t<\/div>\n\t\t<div class=\"elementor-element elementor-element-69653cc e-con-full e-flex e-con e-child\" data-id=\"69653cc\" data-element_type=\"container\">\n\t\t\t\t<div class=\"elementor-element elementor-element-96fd7e7 elementor-widget elementor-widget-heading\" data-id=\"96fd7e7\" data-element_type=\"widget\" data-settings=\"{&quot;wdt_animation_effect&quot;:&quot;none&quot;}\" data-widget_type=\"heading.default\">\n\t\t\t\t<div class=\"elementor-widget-container\">\n\t\t\t\t\t<h2 class=\"elementor-heading-title elementor-size-default\">V\u00e5rt uppdrag<\/h2>\t\t\t\t<\/div>\n\t\t\t\t<\/div>\n\t\t\t\t<div class=\"elementor-element elementor-element-588222c elementor-widget elementor-widget-text-editor\" data-id=\"588222c\" data-element_type=\"widget\" data-settings=\"{&quot;wdt_animation_effect&quot;:&quot;none&quot;}\" data-widget_type=\"text-editor.default\">\n\t\t\t\t<div class=\"elementor-widget-container\">\n\t\t\t\t\t\t\t\t\t<p>P\u00e5 Heavenly Bite \u00e4r v\u00e5rt uppdrag att leverera v\u00e4rldens mest uts\u00f6kta s\u00f6tsaker och delikatesser direkt till din d\u00f6rr i Sverige. Med bara ett knapptryck kan du uppleva \u00e5rhundraden av arv, rik kultur och of\u00f6rgl\u00f6mliga smaker fr\u00e5n godsaker runt om i v\u00e4rlden \u2014 perfekt f\u00f6r <strong data-start=\"389\" data-end=\"431\">Christmas, New Year, Easter, Midsummer<\/strong>eller vilken stund som helst som \u00e4r v\u00e4rd att firas.<\/p>\t\t\t\t\t\t\t\t<\/div>\n\t\t\t\t<\/div>\n\t\t\t\t<\/div>\n\t\t\t\t\t<\/div>\n\t\t\t\t<\/div>\n\t\t<div class=\"elementor-element elementor-element-b400e48 e-flex e-con-boxed e-con e-parent\" data-id=\"b400e48\" data-element_type=\"container\">\n\t\t\t\t\t<div class=\"e-con-inner\">\n\t\t\t\t<div class=\"elementor-element elementor-element-64da491 elementor-widget elementor-widget-spacer\" data-id=\"64da491\" data-element_type=\"widget\" data-settings=\"{&quot;wdt_animation_effect&quot;:&quot;none&quot;}\" data-widget_type=\"spacer.default\">\n\t\t\t\t<div class=\"elementor-widget-container\">\n\t\t\t\t\t\t\t<div class=\"elementor-spacer\">\n\t\t\t<div class=\"elementor-spacer-inner\"><\/div>\n\t\t<\/div>\n\t\t\t\t\t\t<\/div>\n\t\t\t\t<\/div>\n\t\t\t\t\t<\/div>\n\t\t\t\t<\/div>\n\t\t<div class=\"elementor-element elementor-element-7cb9263 e-flex e-con-boxed e-con e-parent\" data-id=\"7cb9263\" data-element_type=\"container\">\n\t\t\t\t\t<div class=\"e-con-inner\">\n\t\t<div class=\"elementor-element elementor-element-d679cef e-con-full e-flex e-con e-child\" data-id=\"d679cef\" data-element_type=\"container\">\n\t\t\t\t<div class=\"elementor-element elementor-element-d9f476f elementor-widget elementor-widget-heading\" data-id=\"d9f476f\" data-element_type=\"widget\" data-settings=\"{&quot;wdt_animation_effect&quot;:&quot;none&quot;}\" data-widget_type=\"heading.default\">\n\t\t\t\t<div class=\"elementor-widget-container\">\n\t\t\t\t\t<h2 class=\"elementor-heading-title elementor-size-default\">V\u00e5rt l\u00f6fte<\/h2>\t\t\t\t<\/div>\n\t\t\t\t<\/div>\n\t\t\t\t<div class=\"elementor-element elementor-element-8b50f12 elementor-widget elementor-widget-text-editor\" data-id=\"8b50f12\" data-element_type=\"widget\" data-settings=\"{&quot;wdt_animation_effect&quot;:&quot;none&quot;}\" data-widget_type=\"text-editor.default\">\n\t\t\t\t<div class=\"elementor-widget-container\">\n\t\t\t\t\t\t\t\t\t<p data-start=\"151\" data-end=\"415\">P\u00e5 Heavenly Bite tror vi att s\u00f6tsaker \u00e4r mer \u00e4n bara efterr\u00e4tter \u2014 de \u00e4r symboler f\u00f6r k\u00e4rlek, firande och delad gl\u00e4dje. D\u00e4rf\u00f6r str\u00e4cker sig v\u00e5rt l\u00f6fte bortom smaken: det handlar om att leverera lycka, f\u00f6rtroende och of\u00f6rgl\u00f6mliga upplevelser med varje tugga.<\/p><p data-start=\"417\" data-end=\"662\"><strong data-start=\"417\" data-end=\"442\">Okompromissad kvalitet<\/strong> \u2013 Vi samarbetar med p\u00e5litliga leverant\u00f6rer och anv\u00e4nder endast de finaste, handplockade ingredienserna \u2014 fr\u00e5n premiumn\u00f6tter och ren mejeriprodukt till \u00e4kta kryddor och naturliga smaker. Varje s\u00f6tsak uppfyller v\u00e5ra h\u00f6ga krav p\u00e5 kvalitet och smak.<\/p><p data-start=\"664\" data-end=\"873\"><strong data-start=\"664\" data-end=\"694\">\u00c4kthet i varje tugga<\/strong> \u2013 V\u00e5ra produkter hedrar de tidl\u00f6sa traditionerna f\u00f6r s\u00f6tsaker fr\u00e5n hela v\u00e4rlden, bevarar deras ursprungliga smaker och texturer samtidigt som de f\u00e5r en modern touch f\u00f6r dagens smakpreferenser.<\/p><p data-start=\"875\" data-end=\"1051\"><strong data-start=\"875\" data-end=\"899\">F\u00e4rskhet garanterad<\/strong> \u2013 S\u00f6tsakerna f\u00f6rbereds och hanteras i sm\u00e5, f\u00e4rska satser, vilket s\u00e4kerst\u00e4ller att de n\u00e5r dig med samma livfulla och h\u00e4rliga smak som n\u00e4r de tillverkades.<\/p><p data-start=\"1053\" data-end=\"1207\"><strong data-start=\"1053\" data-end=\"1080\">Leverant\u00f6rshygien och s\u00e4kerhet<\/strong> \u2013 Alla v\u00e5ra leverant\u00f6rer f\u00f6ljer strikta hygien- och s\u00e4kerhetsprotokoll, s\u00e5 att varje s\u00f6tsak du f\u00e5r \u00e4r s\u00e4ker, f\u00e4rsk och tillverkad med omsorg.<\/p>\t\t\t\t\t\t\t\t<\/div>\n\t\t\t\t<\/div>\n\t\t\t\t<\/div>\n\t\t<div class=\"elementor-element elementor-element-c66786d e-con-full e-flex e-con e-child\" data-id=\"c66786d\" data-element_type=\"container\">\n\t\t\t\t<div class=\"elementor-element elementor-element-a5d1bc0 elementor-widget elementor-widget-image\" data-id=\"a5d1bc0\" data-element_type=\"widget\" data-settings=\"{&quot;wdt_animation_effect&quot;:&quot;none&quot;}\" data-widget_type=\"image.default\">\n\t\t\t\t<div class=\"elementor-widget-container\">\n\t\t\t\t\t\t\t\t\t\t\t\t\t\t\t<img decoding=\"async\" width=\"760\" height=\"1143\" src=\"https:\/\/heavenlybite.shop\/wp-content\/uploads\/2025\/11\/67.png\" class=\"attachment-medium_large size-medium_large wp-image-24572\" alt=\"\" srcset=\"https:\/\/heavenlybite.shop\/wp-content\/uploads\/2025\/11\/67.png 760w, https:\/\/heavenlybite.shop\/wp-content\/uploads\/2025\/11\/67-199x300.png 199w, https:\/\/heavenlybite.shop\/wp-content\/uploads\/2025\/11\/67-681x1024.png 681w, https:\/\/heavenlybite.shop\/wp-content\/uploads\/2025\/11\/67-8x12.png 8w\" sizes=\"(max-width: 760px) 100vw, 760px\" \/>\t\t\t\t\t\t\t\t\t\t\t\t\t\t\t<\/div>\n\t\t\t\t<\/div>\n\t\t\t\t<\/div>\n\t\t\t\t\t<\/div>\n\t\t\t\t<\/div>\n\t\t<div class=\"elementor-element elementor-element-5063f97 e-flex e-con-boxed e-con e-parent\" data-id=\"5063f97\" data-element_type=\"container\">\n\t\t\t\t\t<div class=\"e-con-inner\">\n\t\t\t\t<div class=\"elementor-element elementor-element-83d4452 elementor-widget elementor-widget-spacer\" data-id=\"83d4452\" data-element_type=\"widget\" data-settings=\"{&quot;wdt_animation_effect&quot;:&quot;none&quot;}\" data-widget_type=\"spacer.default\">\n\t\t\t\t<div class=\"elementor-widget-container\">\n\t\t\t\t\t\t\t<div class=\"elementor-spacer\">\n\t\t\t<div class=\"elementor-spacer-inner\"><\/div>\n\t\t<\/div>\n\t\t\t\t\t\t<\/div>\n\t\t\t\t<\/div>\n\t\t\t\t\t<\/div>\n\t\t\t\t<\/div>\n\t\t<div class=\"elementor-element elementor-element-804423d e-flex e-con-boxed e-con e-parent\" data-id=\"804423d\" data-element_type=\"container\">\n\t\t\t\t\t<div class=\"e-con-inner\">\n\t\t<div class=\"elementor-element elementor-element-ab34f10 e-con-full e-flex e-con e-child\" data-id=\"ab34f10\" data-element_type=\"container\">\n\t\t\t\t<div class=\"elementor-element elementor-element-a6cfea6 elementor-widget elementor-widget-image\" data-id=\"a6cfea6\" data-element_type=\"widget\" data-settings=\"{&quot;wdt_animation_effect&quot;:&quot;none&quot;}\" data-widget_type=\"image.default\">\n\t\t\t\t<div class=\"elementor-widget-container\">\n\t\t\t\t\t\t\t\t\t\t\t\t\t\t\t<img decoding=\"async\" width=\"768\" height=\"768\" src=\"https:\/\/heavenlybite.shop\/wp-content\/uploads\/2025\/11\/68-768x768.png\" class=\"attachment-medium_large size-medium_large wp-image-24573\" alt=\"\" srcset=\"https:\/\/heavenlybite.shop\/wp-content\/uploads\/2025\/11\/68-768x768.png 768w, https:\/\/heavenlybite.shop\/wp-content\/uploads\/2025\/11\/68-300x300.png 300w, https:\/\/heavenlybite.shop\/wp-content\/uploads\/2025\/11\/68-1024x1024.png 1024w, https:\/\/heavenlybite.shop\/wp-content\/uploads\/2025\/11\/68-150x150.png 150w, https:\/\/heavenlybite.shop\/wp-content\/uploads\/2025\/11\/68-12x12.png 12w, https:\/\/heavenlybite.shop\/wp-content\/uploads\/2025\/11\/68-1000x1000.png 1000w, https:\/\/heavenlybite.shop\/wp-content\/uploads\/2025\/11\/68-100x100.png 100w, https:\/\/heavenlybite.shop\/wp-content\/uploads\/2025\/11\/68-50x50.png 50w, https:\/\/heavenlybite.shop\/wp-content\/uploads\/2025\/11\/68.png 1200w\" sizes=\"(max-width: 768px) 100vw, 768px\" \/>\t\t\t\t\t\t\t\t\t\t\t\t\t\t\t<\/div>\n\t\t\t\t<\/div>\n\t\t\t\t<\/div>\n\t\t<div class=\"elementor-element elementor-element-1a208e6 e-con-full e-flex e-con e-child\" data-id=\"1a208e6\" data-element_type=\"container\">\n\t\t\t\t<div class=\"elementor-element elementor-element-3769982 elementor-widget elementor-widget-heading\" data-id=\"3769982\" data-element_type=\"widget\" data-settings=\"{&quot;wdt_animation_effect&quot;:&quot;none&quot;}\" data-widget_type=\"heading.default\">\n\t\t\t\t<div class=\"elementor-widget-container\">\n\t\t\t\t\t<h2 class=\"elementor-heading-title elementor-size-default\">Varf\u00f6r v\u00e4lja oss?<\/h2>\t\t\t\t<\/div>\n\t\t\t\t<\/div>\n\t\t\t\t<div class=\"elementor-element elementor-element-79ef10a elementor-widget elementor-widget-text-editor\" data-id=\"79ef10a\" data-element_type=\"widget\" data-settings=\"{&quot;wdt_animation_effect&quot;:&quot;none&quot;}\" data-widget_type=\"text-editor.default\">\n\t\t\t\t<div class=\"elementor-widget-container\">\n\t\t\t\t\t\t\t\t\t<p data-start=\"136\" data-end=\"334\">Det finns m\u00e5nga s\u00e4tt att njuta av s\u00f6tsaker, men Heavenly Bite sticker ut som en marknadsplats som levererar det b\u00e4sta fr\u00e5n hela v\u00e4rlden direkt till dig. H\u00e4r \u00e4r varf\u00f6r v\u00e5ra kunder \u00e4lskar oss:<\/p><p data-start=\"336\" data-end=\"463\"><strong data-start=\"336\" data-end=\"352\">\u00c4kthet<\/strong> \u2013 Varje s\u00f6tsak speglar sina kulturella r\u00f6tter och levererar \u00e4kta smaker som hyllar tradition och arv.<\/p><p data-start=\"465\" data-end=\"612\"><strong data-start=\"465\" data-end=\"484\">Premiumkvalitet<\/strong> \u2013 Vi samarbetar med p\u00e5litliga leverant\u00f6rer och anv\u00e4nder endast de finaste ingredienserna, vilket s\u00e4kerst\u00e4ller att varje godsak har h\u00f6gsta smak och textur.<\/p><p data-start=\"614\" data-end=\"820\"><strong data-start=\"614\" data-end=\"644\">Perfekt f\u00f6r varje tillf\u00e4lle<\/strong> \u2013 From weddings and birthdays to festivals like <strong>Christmas, Easter,<\/strong> <strong style=\"font-size: 16px; letter-spacing: 0px;\" data-start=\"693\" data-end=\"765\">Eid, Diwali, Persian Nowruz, and Chinese New Year<\/strong><span style=\"background-color: transparent; letter-spacing: 0px;\">, v\u00e5ra s\u00f6tsaker tillf\u00f6r gl\u00e4dje och smak till varje firande.<\/span><\/p><p data-start=\"822\" data-end=\"996\"><strong data-start=\"822\" data-end=\"840\">Kundf\u00f6rtroende<\/strong> V\u00e5rt v\u00e4xande community av n\u00f6jda kunder \u00e4r ett bevis p\u00e5 den k\u00e4rlek och det f\u00f6rtroende m\u00e4nniskor har f\u00f6r Heavenly Bite som deras sj\u00e4lvklara marknadsplats f\u00f6r s\u00f6tsaker.<\/p>\t\t\t\t\t\t\t\t<\/div>\n\t\t\t\t<\/div>\n\t\t\t\t<\/div>\n\t\t\t\t\t<\/div>\n\t\t\t\t<\/div>\n\t\t\t\t<\/div>","protected":false},"excerpt":{"rendered":"<p>Our story At Heavenly Bite, our journey began with a simple idea: to preserve the timeless tradition of authentic sweets while giving them a modern touch for today\u2019s generation.What started as an inspiring vision soon became a passion-driven mission \u2014 to share happiness, culture, and love through food. We draw inspiration from the rich dessert [&hellip;]<\/p>","protected":false},"author":1,"featured_media":0,"parent":0,"menu_order":0,"comment_status":"closed","ping_status":"closed","template":"elementor_header_footer","meta":{"footnotes":""},"class_list":["post-11960","page","type-page","status-publish","hentry"],"yoast_head":"<!-- This site is optimized with the Yoast SEO plugin v26.1.1 - https:\/\/yoast.com\/wordpress\/plugins\/seo\/ -->\n<title>About Heavenly Bite \u2013 Sweets from Around the World - Heavenly Bite<\/title>\n<meta name=\"description\" content=\"Heavenly Bite brings delicious sweets from different cultures straight to your doorstep in Sweden. Explore our gourmet treats and enjoy a world of flavors at home!\" \/>\n<meta name=\"robots\" content=\"index, follow, max-snippet:-1, max-image-preview:large, max-video-preview:-1\" \/>\n<link rel=\"canonical\" href=\"https:\/\/heavenlybite.shop\/sv\/about-us\/\" \/>\n<meta property=\"og:locale\" content=\"sv_SE\" \/>\n<meta property=\"og:type\" content=\"article\" \/>\n<meta property=\"og:title\" content=\"About Heavenly Bite \u2013 Sweets from Around the World - Heavenly Bite\" \/>\n<meta property=\"og:description\" content=\"Heavenly Bite brings delicious sweets from different cultures straight to your doorstep in Sweden. Explore our gourmet treats and enjoy a world of flavors at home!\" \/>\n<meta property=\"og:url\" content=\"https:\/\/heavenlybite.shop\/sv\/about-us\/\" \/>\n<meta property=\"og:site_name\" content=\"Heavenly Bite\" \/>\n<meta property=\"article:publisher\" content=\"https:\/\/www.facebook.com\/profile.php?id=61581108792790\" \/>\n<meta property=\"article:modified_time\" content=\"2025-11-28T12:48:20+00:00\" \/>\n<meta property=\"og:image\" content=\"https:\/\/heavenlybite.shop\/wp-content\/uploads\/2025\/11\/66-768x929.png\" \/>\n<meta name=\"twitter:card\" content=\"summary_large_image\" \/>\n<meta name=\"twitter:label1\" content=\"Ber\u00e4knad l\u00e4stid\" \/>\n\t<meta name=\"twitter:data1\" content=\"4 minuter\" \/>\n<script type=\"application\/ld+json\" class=\"yoast-schema-graph\">{\"@context\":\"https:\/\/schema.org\",\"@graph\":[{\"@type\":\"WebPage\",\"@id\":\"https:\/\/heavenlybite.shop\/about-us\/\",\"url\":\"https:\/\/heavenlybite.shop\/about-us\/\",\"name\":\"About Heavenly Bite \u2013 Sweets from Around the World - Heavenly Bite\",\"isPartOf\":{\"@id\":\"https:\/\/heavenlybite.shop\/#website\"},\"primaryImageOfPage\":{\"@id\":\"https:\/\/heavenlybite.shop\/about-us\/#primaryimage\"},\"image\":{\"@id\":\"https:\/\/heavenlybite.shop\/about-us\/#primaryimage\"},\"thumbnailUrl\":\"https:\/\/heavenlybite.shop\/wp-content\/uploads\/2025\/11\/66-768x929.png\",\"datePublished\":\"2024-03-18T07:53:09+00:00\",\"dateModified\":\"2025-11-28T12:48:20+00:00\",\"description\":\"Heavenly Bite brings delicious sweets from different cultures straight to your doorstep in Sweden. Explore our gourmet treats and enjoy a world of flavors at home!\",\"breadcrumb\":{\"@id\":\"https:\/\/heavenlybite.shop\/about-us\/#breadcrumb\"},\"inLanguage\":\"sv-SE\",\"potentialAction\":[{\"@type\":\"ReadAction\",\"target\":[\"https:\/\/heavenlybite.shop\/about-us\/\"]}]},{\"@type\":\"ImageObject\",\"inLanguage\":\"sv-SE\",\"@id\":\"https:\/\/heavenlybite.shop\/about-us\/#primaryimage\",\"url\":\"https:\/\/heavenlybite.shop\/wp-content\/uploads\/2025\/11\/66-768x929.png\",\"contentUrl\":\"https:\/\/heavenlybite.shop\/wp-content\/uploads\/2025\/11\/66-768x929.png\"},{\"@type\":\"BreadcrumbList\",\"@id\":\"https:\/\/heavenlybite.shop\/about-us\/#breadcrumb\",\"itemListElement\":[{\"@type\":\"ListItem\",\"position\":1,\"name\":\"Home\",\"item\":\"https:\/\/heavenlybite.shop\/\"},{\"@type\":\"ListItem\",\"position\":2,\"name\":\"About Us\"}]},{\"@type\":\"WebSite\",\"@id\":\"https:\/\/heavenlybite.shop\/#website\",\"url\":\"https:\/\/heavenlybite.shop\/\",\"name\":\"Heavenly Bite\",\"description\":\"International Delicacies, Sweets &amp; Chocolates\",\"potentialAction\":[{\"@type\":\"SearchAction\",\"target\":{\"@type\":\"EntryPoint\",\"urlTemplate\":\"https:\/\/heavenlybite.shop\/?s={search_term_string}\"},\"query-input\":{\"@type\":\"PropertyValueSpecification\",\"valueRequired\":true,\"valueName\":\"search_term_string\"}}],\"inLanguage\":\"sv-SE\"}]}<\/script>\n<!-- \/ Yoast SEO plugin. -->","yoast_head_json":{"title":"About Heavenly Bite \u2013 Sweets from Around the World - Heavenly Bite","description":"Heavenly Bite brings delicious sweets from different cultures straight to your doorstep in Sweden. Explore our gourmet treats and enjoy a world of flavors at home!","robots":{"index":"index","follow":"follow","max-snippet":"max-snippet:-1","max-image-preview":"max-image-preview:large","max-video-preview":"max-video-preview:-1"},"canonical":"https:\/\/heavenlybite.shop\/sv\/about-us\/","og_locale":"sv_SE","og_type":"article","og_title":"About Heavenly Bite \u2013 Sweets from Around the World - Heavenly Bite","og_description":"Heavenly Bite brings delicious sweets from different cultures straight to your doorstep in Sweden. Explore our gourmet treats and enjoy a world of flavors at home!","og_url":"https:\/\/heavenlybite.shop\/sv\/about-us\/","og_site_name":"Heavenly Bite","article_publisher":"https:\/\/www.facebook.com\/profile.php?id=61581108792790","article_modified_time":"2025-11-28T12:48:20+00:00","og_image":[{"url":"https:\/\/heavenlybite.shop\/wp-content\/uploads\/2025\/11\/66-768x929.png","type":"","width":"","height":""}],"twitter_card":"summary_large_image","twitter_misc":{"Ber\u00e4knad l\u00e4stid":"4 minuter"},"schema":{"@context":"https:\/\/schema.org","@graph":[{"@type":"WebPage","@id":"https:\/\/heavenlybite.shop\/about-us\/","url":"https:\/\/heavenlybite.shop\/about-us\/","name":"About Heavenly Bite \u2013 Sweets from Around the World - Heavenly Bite","isPartOf":{"@id":"https:\/\/heavenlybite.shop\/#website"},"primaryImageOfPage":{"@id":"https:\/\/heavenlybite.shop\/about-us\/#primaryimage"},"image":{"@id":"https:\/\/heavenlybite.shop\/about-us\/#primaryimage"},"thumbnailUrl":"https:\/\/heavenlybite.shop\/wp-content\/uploads\/2025\/11\/66-768x929.png","datePublished":"2024-03-18T07:53:09+00:00","dateModified":"2025-11-28T12:48:20+00:00","description":"Heavenly Bite brings delicious sweets from different cultures straight to your doorstep in Sweden. Explore our gourmet treats and enjoy a world of flavors at home!","breadcrumb":{"@id":"https:\/\/heavenlybite.shop\/about-us\/#breadcrumb"},"inLanguage":"sv-SE","potentialAction":[{"@type":"ReadAction","target":["https:\/\/heavenlybite.shop\/about-us\/"]}]},{"@type":"ImageObject","inLanguage":"sv-SE","@id":"https:\/\/heavenlybite.shop\/about-us\/#primaryimage","url":"https:\/\/heavenlybite.shop\/wp-content\/uploads\/2025\/11\/66-768x929.png","contentUrl":"https:\/\/heavenlybite.shop\/wp-content\/uploads\/2025\/11\/66-768x929.png"},{"@type":"BreadcrumbList","@id":"https:\/\/heavenlybite.shop\/about-us\/#breadcrumb","itemListElement":[{"@type":"ListItem","position":1,"name":"Home","item":"https:\/\/heavenlybite.shop\/"},{"@type":"ListItem","position":2,"name":"About Us"}]},{"@type":"WebSite","@id":"https:\/\/heavenlybite.shop\/#website","url":"https:\/\/heavenlybite.shop\/","name":"Heavenly Bite","description":"International Delicacies, Sweets &amp; Chocolates","potentialAction":[{"@type":"SearchAction","target":{"@type":"EntryPoint","urlTemplate":"https:\/\/heavenlybite.shop\/?s={search_term_string}"},"query-input":{"@type":"PropertyValueSpecification","valueRequired":true,"valueName":"search_term_string"}}],"inLanguage":"sv-SE"}]}},"_links":{"self":[{"href":"https:\/\/heavenlybite.shop\/sv\/wp-json\/wp\/v2\/pages\/11960","targetHints":{"allow":["GET"]}}],"collection":[{"href":"https:\/\/heavenlybite.shop\/sv\/wp-json\/wp\/v2\/pages"}],"about":[{"href":"https:\/\/heavenlybite.shop\/sv\/wp-json\/wp\/v2\/types\/page"}],"author":[{"embeddable":true,"href":"https:\/\/heavenlybite.shop\/sv\/wp-json\/wp\/v2\/users\/1"}],"replies":[{"embeddable":true,"href":"https:\/\/heavenlybite.shop\/sv\/wp-json\/wp\/v2\/comments?post=11960"}],"version-history":[{"count":291,"href":"https:\/\/heavenlybite.shop\/sv\/wp-json\/wp\/v2\/pages\/11960\/revisions"}],"predecessor-version":[{"id":24767,"href":"https:\/\/heavenlybite.shop\/sv\/wp-json\/wp\/v2\/pages\/11960\/revisions\/24767"}],"wp:attachment":[{"href":"https:\/\/heavenlybite.shop\/sv\/wp-json\/wp\/v2\/media?parent=11960"}],"curies":[{"name":"wp","href":"https:\/\/api.w.org\/{rel}","templated":true}]}}